{"id":888,"date":"2018-11-29T22:10:11","date_gmt":"2018-11-29T21:10:11","guid":{"rendered":"https:\/\/mantlerhof.com\/?post_type=product&#038;p=888"},"modified":"2025-04-02T14:35:53","modified_gmt":"2025-04-02T12:35:53","slug":"rv24","status":"publish","type":"product","link":"https:\/\/www.mantlerhof.com\/en\/produkt\/rv24\/","title":{"rendered":"Roter Veltliner Ried Reisenthal 2024"},"content":{"rendered":"<p>Roter Veltliner ist eine bodenst\u00e4ndige alte Wei\u00dfweinrebe mit hellroten Beeren bei Vollreife. Eine Spezialit\u00e4t am Mantlerhof mit langer Tradition. Von ihr stammen Neuburger, Fr\u00fchroter Veltliner und Rotgipfler. Sie wurde als erste Rebsorte in die Arche Noah des Geschmacks des Slow Food Vereins aufgenommen.<\/p>\n<p>Dieser Rote Veltliner ist klassisch im Stahl ausgebaut. Das Ergebnis mehrerer Lesedurchg\u00e4nge, sehr sorgf\u00e4ltig wird hier getrennt und selektioniert. Dieser Wein ist der Kern unseres Roten Veltliner Sortiments.<\/p>\n<p><a href=\"https:\/\/preview-mantlerhof-shop.finecoderz.dev\/wp-content\/uploads\/2025\/04\/mantlerhof-datenblatt-rv-reisenthal-2024.pdf\">Datenblatt zu Wein und Lage<\/a><\/p>\n<p>Zutaten: Trauben aus biologischer Landwirtschaft; Antioxidantien: Schwefeldioxid<br \/>\nN\u00e4hrwert pro 100ml:<br \/>\nBrennwert: 71kcal\/299kJ<br \/>\nKohlenhydrate: 1,4g<br \/>\n<em>davon Zucker: 0,5g<br \/>\n<\/em>Enth\u00e4lt geringf\u00fcgige Mengen von Fett, ges\u00e4ttigten Fetts\u00e4uren, Eiwei\u00df und Salz.<\/p>\n","protected":false},"excerpt":{"rendered":"<p>Roter Veltliner ist eine bodenst\u00e4ndige alte Wei\u00dfweinrebe mit hellroten Beeren bei Vollreife. Eine Spezialit\u00e4t am Mantlerhof mit langer Tradition. Von ihr stammen Neuburger, Fr\u00fchroter Veltliner und Rotgipfler. Sie wurde als erste Rebsorte in die Arche Noah des Geschmacks des Slow Food Vereins aufgenommen. Dieser Rote Veltliner ist klassisch im Stahl ausgebaut. Das Ergebnis mehrerer Lesedurchg\u00e4nge, [&hellip;]<\/p>\n","protected":false},"featured_media":4190,"comment_status":"closed","ping_status":"closed","template":"","meta":{"inline_featured_image":false},"class_list":["post-888","product","type-product","status-publish","has-post-thumbnail","hentry","product_cat-roter-veltliner","product_cat-lagenweine","product_cat-sorte-im-vordergrund"],"yoast_head":"<!-- This site is optimized with the Yoast SEO plugin v26.6 - https:\/\/yoast.com\/wordpress\/plugins\/seo\/ -->\n<title>Roter Veltliner Ried Reisenthal 2024 - Weingut Mantlerhof<\/title>\n<meta name=\"robots\" content=\"index, follow, max-snippet:-1, max-image-preview:large, max-video-preview:-1\" \/>\n<link rel=\"canonical\" href=\"https:\/\/www.mantlerhof.com\/produkt\/rv24\/\" \/>\n<meta property=\"og:locale\" content=\"en_US\" \/>\n<meta property=\"og:type\" content=\"article\" \/>\n<meta property=\"og:title\" content=\"Roter Veltliner Ried Reisenthal 2024 - Weingut Mantlerhof\" \/>\n<meta property=\"og:description\" content=\"Roter Veltliner ist eine bodenst\u00e4ndige alte Wei\u00dfweinrebe mit hellroten Beeren bei Vollreife. Eine Spezialit\u00e4t am Mantlerhof mit langer Tradition. Von ihr stammen Neuburger, Fr\u00fchroter Veltliner und Rotgipfler. Sie wurde als erste Rebsorte in die Arche Noah des Geschmacks des Slow Food Vereins aufgenommen. Dieser Rote Veltliner ist klassisch im Stahl ausgebaut. Das Ergebnis mehrerer Lesedurchg\u00e4nge, [&hellip;]\" \/>\n<meta property=\"og:url\" content=\"https:\/\/www.mantlerhof.com\/produkt\/rv24\/\" \/>\n<meta property=\"og:site_name\" content=\"Weingut Mantlerhof\" \/>\n<meta property=\"article:modified_time\" content=\"2025-04-02T12:35:53+00:00\" \/>\n<meta property=\"og:image\" content=\"https:\/\/preview-mantlerhof-shop.finecoderz.dev\/wp-content\/uploads\/2025\/04\/flaschenfoto-rv-reisenthal-selection-2024-1200x340-1.jpg\" \/>\n\t<meta property=\"og:image:width\" content=\"340\" \/>\n\t<meta property=\"og:image:height\" content=\"1200\" \/>\n\t<meta property=\"og:image:type\" content=\"image\/jpeg\" \/>\n<meta name=\"twitter:card\" content=\"summary_large_image\" \/>\n<meta name=\"twitter:label1\" content=\"Est. reading time\" \/>\n\t<meta name=\"twitter:data1\" content=\"1 minute\" \/>\n<script type=\"application\/ld+json\" class=\"yoast-schema-graph\">{\"@context\":\"https:\/\/schema.org\",\"@graph\":[{\"@type\":\"WebPage\",\"@id\":\"https:\/\/www.mantlerhof.com\/produkt\/rv24\/\",\"url\":\"https:\/\/www.mantlerhof.com\/produkt\/rv24\/\",\"name\":\"Roter Veltliner Ried Reisenthal 2024 - Weingut Mantlerhof\",\"isPartOf\":{\"@id\":\"https:\/\/www.mantlerhof.com\/#website\"},\"primaryImageOfPage\":{\"@id\":\"https:\/\/www.mantlerhof.com\/produkt\/rv24\/#primaryimage\"},\"image\":{\"@id\":\"https:\/\/www.mantlerhof.com\/produkt\/rv24\/#primaryimage\"},\"thumbnailUrl\":\"https:\/\/www.mantlerhof.com\/wp-content\/uploads\/2025\/04\/flaschenfoto-rv-reisenthal-selection-2024-1200x340-1.jpg\",\"datePublished\":\"2018-11-29T21:10:11+00:00\",\"dateModified\":\"2025-04-02T12:35:53+00:00\",\"breadcrumb\":{\"@id\":\"https:\/\/www.mantlerhof.com\/produkt\/rv24\/#breadcrumb\"},\"inLanguage\":\"en-US\",\"potentialAction\":[{\"@type\":\"ReadAction\",\"target\":[\"https:\/\/www.mantlerhof.com\/produkt\/rv24\/\"]}]},{\"@type\":\"ImageObject\",\"inLanguage\":\"en-US\",\"@id\":\"https:\/\/www.mantlerhof.com\/produkt\/rv24\/#primaryimage\",\"url\":\"https:\/\/www.mantlerhof.com\/wp-content\/uploads\/2025\/04\/flaschenfoto-rv-reisenthal-selection-2024-1200x340-1.jpg\",\"contentUrl\":\"https:\/\/www.mantlerhof.com\/wp-content\/uploads\/2025\/04\/flaschenfoto-rv-reisenthal-selection-2024-1200x340-1.jpg\",\"width\":340,\"height\":1200},{\"@type\":\"BreadcrumbList\",\"@id\":\"https:\/\/www.mantlerhof.com\/produkt\/rv24\/#breadcrumb\",\"itemListElement\":[{\"@type\":\"ListItem\",\"position\":1,\"name\":\"Home\",\"item\":\"https:\/\/www.mantlerhof.com\/en\/\"},{\"@type\":\"ListItem\",\"position\":2,\"name\":\"Shop\",\"item\":\"https:\/\/www.mantlerhof.com\/shop\/\"},{\"@type\":\"ListItem\",\"position\":3,\"name\":\"Roter Veltliner Ried Reisenthal 2024\"}]},{\"@type\":\"WebSite\",\"@id\":\"https:\/\/www.mantlerhof.com\/#website\",\"url\":\"https:\/\/www.mantlerhof.com\/\",\"name\":\"Weingut Mantlerhof\",\"description\":\"Das Familienweingut mit Tradition seit 1800\",\"potentialAction\":[{\"@type\":\"SearchAction\",\"target\":{\"@type\":\"EntryPoint\",\"urlTemplate\":\"https:\/\/www.mantlerhof.com\/?s={search_term_string}\"},\"query-input\":{\"@type\":\"PropertyValueSpecification\",\"valueRequired\":true,\"valueName\":\"search_term_string\"}}],\"inLanguage\":\"en-US\"}]}<\/script>\n<!-- \/ Yoast SEO plugin. -->","yoast_head_json":{"title":"Roter Veltliner Ried Reisenthal 2024 - Weingut Mantlerhof","robots":{"index":"index","follow":"follow","max-snippet":"max-snippet:-1","max-image-preview":"max-image-preview:large","max-video-preview":"max-video-preview:-1"},"canonical":"https:\/\/www.mantlerhof.com\/produkt\/rv24\/","og_locale":"en_US","og_type":"article","og_title":"Roter Veltliner Ried Reisenthal 2024 - Weingut Mantlerhof","og_description":"Roter Veltliner ist eine bodenst\u00e4ndige alte Wei\u00dfweinrebe mit hellroten Beeren bei Vollreife. Eine Spezialit\u00e4t am Mantlerhof mit langer Tradition. Von ihr stammen Neuburger, Fr\u00fchroter Veltliner und Rotgipfler. Sie wurde als erste Rebsorte in die Arche Noah des Geschmacks des Slow Food Vereins aufgenommen. Dieser Rote Veltliner ist klassisch im Stahl ausgebaut. Das Ergebnis mehrerer Lesedurchg\u00e4nge, [&hellip;]","og_url":"https:\/\/www.mantlerhof.com\/produkt\/rv24\/","og_site_name":"Weingut Mantlerhof","article_modified_time":"2025-04-02T12:35:53+00:00","og_image":[{"width":340,"height":1200,"url":"https:\/\/preview-mantlerhof-shop.finecoderz.dev\/wp-content\/uploads\/2025\/04\/flaschenfoto-rv-reisenthal-selection-2024-1200x340-1.jpg","type":"image\/jpeg"}],"twitter_card":"summary_large_image","twitter_misc":{"Est. reading time":"1 minute"},"schema":{"@context":"https:\/\/schema.org","@graph":[{"@type":"WebPage","@id":"https:\/\/www.mantlerhof.com\/produkt\/rv24\/","url":"https:\/\/www.mantlerhof.com\/produkt\/rv24\/","name":"Roter Veltliner Ried Reisenthal 2024 - Weingut Mantlerhof","isPartOf":{"@id":"https:\/\/www.mantlerhof.com\/#website"},"primaryImageOfPage":{"@id":"https:\/\/www.mantlerhof.com\/produkt\/rv24\/#primaryimage"},"image":{"@id":"https:\/\/www.mantlerhof.com\/produkt\/rv24\/#primaryimage"},"thumbnailUrl":"https:\/\/www.mantlerhof.com\/wp-content\/uploads\/2025\/04\/flaschenfoto-rv-reisenthal-selection-2024-1200x340-1.jpg","datePublished":"2018-11-29T21:10:11+00:00","dateModified":"2025-04-02T12:35:53+00:00","breadcrumb":{"@id":"https:\/\/www.mantlerhof.com\/produkt\/rv24\/#breadcrumb"},"inLanguage":"en-US","potentialAction":[{"@type":"ReadAction","target":["https:\/\/www.mantlerhof.com\/produkt\/rv24\/"]}]},{"@type":"ImageObject","inLanguage":"en-US","@id":"https:\/\/www.mantlerhof.com\/produkt\/rv24\/#primaryimage","url":"https:\/\/www.mantlerhof.com\/wp-content\/uploads\/2025\/04\/flaschenfoto-rv-reisenthal-selection-2024-1200x340-1.jpg","contentUrl":"https:\/\/www.mantlerhof.com\/wp-content\/uploads\/2025\/04\/flaschenfoto-rv-reisenthal-selection-2024-1200x340-1.jpg","width":340,"height":1200},{"@type":"BreadcrumbList","@id":"https:\/\/www.mantlerhof.com\/produkt\/rv24\/#breadcrumb","itemListElement":[{"@type":"ListItem","position":1,"name":"Home","item":"https:\/\/www.mantlerhof.com\/en\/"},{"@type":"ListItem","position":2,"name":"Shop","item":"https:\/\/www.mantlerhof.com\/shop\/"},{"@type":"ListItem","position":3,"name":"Roter Veltliner Ried Reisenthal 2024"}]},{"@type":"WebSite","@id":"https:\/\/www.mantlerhof.com\/#website","url":"https:\/\/www.mantlerhof.com\/","name":"Weingut Mantlerhof","description":"Das Familienweingut mit Tradition seit 1800","potentialAction":[{"@type":"SearchAction","target":{"@type":"EntryPoint","urlTemplate":"https:\/\/www.mantlerhof.com\/?s={search_term_string}"},"query-input":{"@type":"PropertyValueSpecification","valueRequired":true,"valueName":"search_term_string"}}],"inLanguage":"en-US"}]}},"_links":{"self":[{"href":"https:\/\/www.mantlerhof.com\/en\/wp-json\/wp\/v2\/product\/888","targetHints":{"allow":["GET"]}}],"collection":[{"href":"https:\/\/www.mantlerhof.com\/en\/wp-json\/wp\/v2\/product"}],"about":[{"href":"https:\/\/www.mantlerhof.com\/en\/wp-json\/wp\/v2\/types\/product"}],"replies":[{"embeddable":true,"href":"https:\/\/www.mantlerhof.com\/en\/wp-json\/wp\/v2\/comments?post=888"}],"wp:featuredmedia":[{"embeddable":true,"href":"https:\/\/www.mantlerhof.com\/en\/wp-json\/wp\/v2\/media\/4190"}],"wp:attachment":[{"href":"https:\/\/www.mantlerhof.com\/en\/wp-json\/wp\/v2\/media?parent=888"}],"curies":[{"name":"wp","href":"https:\/\/api.w.org\/{rel}","templated":true}]}}