{"id":4365,"date":"2025-11-12T15:31:58","date_gmt":"2025-11-12T14:31:58","guid":{"rendered":"https:\/\/mantlerhof.com\/?post_type=product&#038;p=4365"},"modified":"2026-01-20T20:20:51","modified_gmt":"2026-01-20T19:20:51","slug":"vertikale_wieland","status":"publish","type":"product","link":"https:\/\/www.mantlerhof.com\/en\/produkt\/vertikale_wieland\/","title":{"rendered":"Jahrgangsvertikale Riesling Ried Wieland 2021 &#8211; 2022 &#8211; 2023"},"content":{"rendered":"<p>Unser Riesling Ried Wieland bieten wir hier in einer Vertikale der letzten 3 Jahrg\u00e4nge an. Inklusive des sehr gesuchten 2021er, von dem wir noch ein paar Flaschen aus der Familienreserve geholt haben. Nur solange der Vorrat reicht.<\/p>\n<p>Jahrgang 2021: 100 Falstaff<br \/>\nJahrgang 2022: 97 Falstaff, 97 A la Carte, 18 Gault Millau<br \/>\nJahrgang 2023: 97 Falstaff<\/p>\n<p>Geh\u00f6rt zu den besten Lagen der Gemeinde. In der Subriede &#8220;Steindl&#8221; gedeihen oft gro\u00dfartige S\u00fc\u00dfweine.<br \/>\nL\u00f6ssrohboden &#8211; Im s\u00fcdlichen Teil tritt das Konglomerat der Ur-Traisen zutage, dieses oberfl\u00e4chliche Konglomerat sorgt f\u00fcr einen mineralischen Einschlag.<br \/>\nDie Lage ist westwindgesch\u00fctzt, dadurch ergibt sich ein spezifisches Kleinklima. Pflanzung 1980 mit klassischen Rheingauer Riesling-Klonen.<br \/>\nGro\u00dfer Riesling mit Schmelz und Potenzial<\/p>\n<p><a href=\"https:\/\/preview-mantlerhof-shop.finecoderz.dev\/wp-content\/uploads\/2024\/04\/mantlerhof-datenblatt-rr-wieland-1oetw-2021.pdf\">Datenblatt zu Wein und Lage 2021<\/a><br \/>\n<a href=\"https:\/\/preview-mantlerhof-shop.finecoderz.dev\/wp-content\/uploads\/2024\/10\/mantlerhof-datenblatt-rr-wieland-1oetw-2022.pdf\">Datenblatt zu Wein und Lage 2022<\/a><br \/>\n<a href=\"https:\/\/preview-mantlerhof-shop.finecoderz.dev\/wp-content\/uploads\/2025\/09\/mantlerhof-datenblatt-rr-wieland-1oetw-2023.pdf\">Datenblatt zu Wein und Lage 2023<\/a><\/p>\n","protected":false},"excerpt":{"rendered":"<p>Unser Riesling Ried Wieland bieten wir hier in einer Vertikale der letzten 3 Jahrg\u00e4nge an. Inklusive des sehr gesuchten 2021er, von dem wir noch ein paar Flaschen aus der Familienreserve geholt haben. Nur solange der Vorrat reicht. Jahrgang 2021: 100 Falstaff Jahrgang 2022: 97 Falstaff, 97 A la Carte, 18 Gault Millau Jahrgang 2023: 97 [&hellip;]<\/p>\n","protected":false},"featured_media":4366,"comment_status":"closed","ping_status":"closed","template":"","meta":{"inline_featured_image":false},"class_list":["post-4365","product","type-product","status-publish","has-post-thumbnail","hentry","product_cat-oetw-erste-lagen","product_cat-riesling","product_cat-erste-lagen"],"yoast_head":"<!-- This site is optimized with the Yoast SEO plugin v26.6 - https:\/\/yoast.com\/wordpress\/plugins\/seo\/ -->\n<title>Jahrgangsvertikale Riesling Ried Wieland 2021 - 2022 - 2023 - Weingut Mantlerhof<\/title>\n<meta name=\"robots\" content=\"index, follow, max-snippet:-1, max-image-preview:large, max-video-preview:-1\" \/>\n<link rel=\"canonical\" href=\"https:\/\/www.mantlerhof.com\/produkt\/vertikale_wieland\/\" \/>\n<meta property=\"og:locale\" content=\"en_US\" \/>\n<meta property=\"og:type\" content=\"article\" \/>\n<meta property=\"og:title\" content=\"Jahrgangsvertikale Riesling Ried Wieland 2021 - 2022 - 2023 - Weingut Mantlerhof\" \/>\n<meta property=\"og:description\" content=\"Unser Riesling Ried Wieland bieten wir hier in einer Vertikale der letzten 3 Jahrg\u00e4nge an. Inklusive des sehr gesuchten 2021er, von dem wir noch ein paar Flaschen aus der Familienreserve geholt haben. Nur solange der Vorrat reicht. Jahrgang 2021: 100 Falstaff Jahrgang 2022: 97 Falstaff, 97 A la Carte, 18 Gault Millau Jahrgang 2023: 97 [&hellip;]\" \/>\n<meta property=\"og:url\" content=\"https:\/\/www.mantlerhof.com\/produkt\/vertikale_wieland\/\" \/>\n<meta property=\"og:site_name\" content=\"Weingut Mantlerhof\" \/>\n<meta property=\"article:modified_time\" content=\"2026-01-20T19:20:51+00:00\" \/>\n<meta property=\"og:image\" content=\"https:\/\/www.mantlerhof.com\/wp-content\/uploads\/2025\/11\/jahrgangsvertikale-wieland-klein.jpg\" \/>\n\t<meta property=\"og:image:width\" content=\"341\" \/>\n\t<meta property=\"og:image:height\" content=\"1200\" \/>\n\t<meta property=\"og:image:type\" content=\"image\/jpeg\" \/>\n<meta name=\"twitter:card\" content=\"summary_large_image\" \/>\n<meta name=\"twitter:label1\" content=\"Est. reading time\" \/>\n\t<meta name=\"twitter:data1\" content=\"1 minute\" \/>\n<script type=\"application\/ld+json\" class=\"yoast-schema-graph\">{\"@context\":\"https:\/\/schema.org\",\"@graph\":[{\"@type\":\"WebPage\",\"@id\":\"https:\/\/www.mantlerhof.com\/produkt\/vertikale_wieland\/\",\"url\":\"https:\/\/www.mantlerhof.com\/produkt\/vertikale_wieland\/\",\"name\":\"Jahrgangsvertikale Riesling Ried Wieland 2021 - 2022 - 2023 - Weingut Mantlerhof\",\"isPartOf\":{\"@id\":\"https:\/\/www.mantlerhof.com\/#website\"},\"primaryImageOfPage\":{\"@id\":\"https:\/\/www.mantlerhof.com\/produkt\/vertikale_wieland\/#primaryimage\"},\"image\":{\"@id\":\"https:\/\/www.mantlerhof.com\/produkt\/vertikale_wieland\/#primaryimage\"},\"thumbnailUrl\":\"https:\/\/www.mantlerhof.com\/wp-content\/uploads\/2025\/11\/jahrgangsvertikale-wieland-klein.jpg\",\"datePublished\":\"2025-11-12T14:31:58+00:00\",\"dateModified\":\"2026-01-20T19:20:51+00:00\",\"breadcrumb\":{\"@id\":\"https:\/\/www.mantlerhof.com\/produkt\/vertikale_wieland\/#breadcrumb\"},\"inLanguage\":\"en-US\",\"potentialAction\":[{\"@type\":\"ReadAction\",\"target\":[\"https:\/\/www.mantlerhof.com\/produkt\/vertikale_wieland\/\"]}]},{\"@type\":\"ImageObject\",\"inLanguage\":\"en-US\",\"@id\":\"https:\/\/www.mantlerhof.com\/produkt\/vertikale_wieland\/#primaryimage\",\"url\":\"https:\/\/www.mantlerhof.com\/wp-content\/uploads\/2025\/11\/jahrgangsvertikale-wieland-klein.jpg\",\"contentUrl\":\"https:\/\/www.mantlerhof.com\/wp-content\/uploads\/2025\/11\/jahrgangsvertikale-wieland-klein.jpg\",\"width\":341,\"height\":1200},{\"@type\":\"BreadcrumbList\",\"@id\":\"https:\/\/www.mantlerhof.com\/produkt\/vertikale_wieland\/#breadcrumb\",\"itemListElement\":[{\"@type\":\"ListItem\",\"position\":1,\"name\":\"Home\",\"item\":\"https:\/\/www.mantlerhof.com\/en\/\"},{\"@type\":\"ListItem\",\"position\":2,\"name\":\"Shop\",\"item\":\"https:\/\/www.mantlerhof.com\/shop\/\"},{\"@type\":\"ListItem\",\"position\":3,\"name\":\"Jahrgangsvertikale Riesling Ried Wieland 2021 &#8211; 2022 &#8211; 2023\"}]},{\"@type\":\"WebSite\",\"@id\":\"https:\/\/www.mantlerhof.com\/#website\",\"url\":\"https:\/\/www.mantlerhof.com\/\",\"name\":\"Weingut Mantlerhof\",\"description\":\"Das Familienweingut mit Tradition seit 1800\",\"potentialAction\":[{\"@type\":\"SearchAction\",\"target\":{\"@type\":\"EntryPoint\",\"urlTemplate\":\"https:\/\/www.mantlerhof.com\/?s={search_term_string}\"},\"query-input\":{\"@type\":\"PropertyValueSpecification\",\"valueRequired\":true,\"valueName\":\"search_term_string\"}}],\"inLanguage\":\"en-US\"}]}<\/script>\n<!-- \/ Yoast SEO plugin. -->","yoast_head_json":{"title":"Jahrgangsvertikale Riesling Ried Wieland 2021 - 2022 - 2023 - Weingut Mantlerhof","robots":{"index":"index","follow":"follow","max-snippet":"max-snippet:-1","max-image-preview":"max-image-preview:large","max-video-preview":"max-video-preview:-1"},"canonical":"https:\/\/www.mantlerhof.com\/produkt\/vertikale_wieland\/","og_locale":"en_US","og_type":"article","og_title":"Jahrgangsvertikale Riesling Ried Wieland 2021 - 2022 - 2023 - Weingut Mantlerhof","og_description":"Unser Riesling Ried Wieland bieten wir hier in einer Vertikale der letzten 3 Jahrg\u00e4nge an. Inklusive des sehr gesuchten 2021er, von dem wir noch ein paar Flaschen aus der Familienreserve geholt haben. Nur solange der Vorrat reicht. Jahrgang 2021: 100 Falstaff Jahrgang 2022: 97 Falstaff, 97 A la Carte, 18 Gault Millau Jahrgang 2023: 97 [&hellip;]","og_url":"https:\/\/www.mantlerhof.com\/produkt\/vertikale_wieland\/","og_site_name":"Weingut Mantlerhof","article_modified_time":"2026-01-20T19:20:51+00:00","og_image":[{"width":341,"height":1200,"url":"https:\/\/www.mantlerhof.com\/wp-content\/uploads\/2025\/11\/jahrgangsvertikale-wieland-klein.jpg","type":"image\/jpeg"}],"twitter_card":"summary_large_image","twitter_misc":{"Est. reading time":"1 minute"},"schema":{"@context":"https:\/\/schema.org","@graph":[{"@type":"WebPage","@id":"https:\/\/www.mantlerhof.com\/produkt\/vertikale_wieland\/","url":"https:\/\/www.mantlerhof.com\/produkt\/vertikale_wieland\/","name":"Jahrgangsvertikale Riesling Ried Wieland 2021 - 2022 - 2023 - Weingut Mantlerhof","isPartOf":{"@id":"https:\/\/www.mantlerhof.com\/#website"},"primaryImageOfPage":{"@id":"https:\/\/www.mantlerhof.com\/produkt\/vertikale_wieland\/#primaryimage"},"image":{"@id":"https:\/\/www.mantlerhof.com\/produkt\/vertikale_wieland\/#primaryimage"},"thumbnailUrl":"https:\/\/www.mantlerhof.com\/wp-content\/uploads\/2025\/11\/jahrgangsvertikale-wieland-klein.jpg","datePublished":"2025-11-12T14:31:58+00:00","dateModified":"2026-01-20T19:20:51+00:00","breadcrumb":{"@id":"https:\/\/www.mantlerhof.com\/produkt\/vertikale_wieland\/#breadcrumb"},"inLanguage":"en-US","potentialAction":[{"@type":"ReadAction","target":["https:\/\/www.mantlerhof.com\/produkt\/vertikale_wieland\/"]}]},{"@type":"ImageObject","inLanguage":"en-US","@id":"https:\/\/www.mantlerhof.com\/produkt\/vertikale_wieland\/#primaryimage","url":"https:\/\/www.mantlerhof.com\/wp-content\/uploads\/2025\/11\/jahrgangsvertikale-wieland-klein.jpg","contentUrl":"https:\/\/www.mantlerhof.com\/wp-content\/uploads\/2025\/11\/jahrgangsvertikale-wieland-klein.jpg","width":341,"height":1200},{"@type":"BreadcrumbList","@id":"https:\/\/www.mantlerhof.com\/produkt\/vertikale_wieland\/#breadcrumb","itemListElement":[{"@type":"ListItem","position":1,"name":"Home","item":"https:\/\/www.mantlerhof.com\/en\/"},{"@type":"ListItem","position":2,"name":"Shop","item":"https:\/\/www.mantlerhof.com\/shop\/"},{"@type":"ListItem","position":3,"name":"Jahrgangsvertikale Riesling Ried Wieland 2021 &#8211; 2022 &#8211; 2023"}]},{"@type":"WebSite","@id":"https:\/\/www.mantlerhof.com\/#website","url":"https:\/\/www.mantlerhof.com\/","name":"Weingut Mantlerhof","description":"Das Familienweingut mit Tradition seit 1800","potentialAction":[{"@type":"SearchAction","target":{"@type":"EntryPoint","urlTemplate":"https:\/\/www.mantlerhof.com\/?s={search_term_string}"},"query-input":{"@type":"PropertyValueSpecification","valueRequired":true,"valueName":"search_term_string"}}],"inLanguage":"en-US"}]}},"_links":{"self":[{"href":"https:\/\/www.mantlerhof.com\/en\/wp-json\/wp\/v2\/product\/4365","targetHints":{"allow":["GET"]}}],"collection":[{"href":"https:\/\/www.mantlerhof.com\/en\/wp-json\/wp\/v2\/product"}],"about":[{"href":"https:\/\/www.mantlerhof.com\/en\/wp-json\/wp\/v2\/types\/product"}],"replies":[{"embeddable":true,"href":"https:\/\/www.mantlerhof.com\/en\/wp-json\/wp\/v2\/comments?post=4365"}],"wp:featuredmedia":[{"embeddable":true,"href":"https:\/\/www.mantlerhof.com\/en\/wp-json\/wp\/v2\/media\/4366"}],"wp:attachment":[{"href":"https:\/\/www.mantlerhof.com\/en\/wp-json\/wp\/v2\/media?parent=4365"}],"curies":[{"name":"wp","href":"https:\/\/api.w.org\/{rel}","templated":true}]}}