{"id":4319,"date":"2025-09-01T14:34:30","date_gmt":"2025-09-01T12:34:30","guid":{"rendered":"https:\/\/mantlerhof.com\/?post_type=product&#038;p=4319"},"modified":"2025-09-25T13:56:00","modified_gmt":"2025-09-25T11:56:00","slug":"riesling-ried-steingraben-2023","status":"publish","type":"product","link":"https:\/\/www.mantlerhof.com\/en\/produkt\/riesling-ried-steingraben-2023\/","title":{"rendered":"Riesling Ried Steingraben 2023"},"content":{"rendered":"<p>Erste urkundliche Erw\u00e4hnung 1276 als <em>Tyernsteiner<\/em> -\u201ed\u00fcrrer Stein\u201c. Boden: Hollenburg-Karlstettner Konglomerat, Sch\u00fcttkegel der Ur-Traisen, teils toniger L\u00f6ss. Sechs Terrassen, gepflanzt 1996. W\u00fcrzig strukturierter Riesling mit Opulenz. Durch das hier oberfl\u00e4chlich verwitternde Konglomerat-Gestein bekommt dieser Riesling eine ordentliche Ladung Mineralit\u00e4t ab.<\/p>\n<p>94 Falstaff<\/p>\n<p><a href=\"https:\/\/preview-mantlerhof-shop.finecoderz.dev\/wp-content\/uploads\/2025\/09\/mantlerhof-datenblatt-rr-steingraben-1oetw-2023.pdf\">Datenblatt zu Wein und Lage<\/a><\/p>\n<p>&nbsp;<\/p>\n","protected":false},"excerpt":{"rendered":"<p>Erste urkundliche Erw\u00e4hnung 1276 als Tyernsteiner -\u201ed\u00fcrrer Stein\u201c. Boden: Hollenburg-Karlstettner Konglomerat, Sch\u00fcttkegel der Ur-Traisen, teils toniger L\u00f6ss. Sechs Terrassen, gepflanzt 1996. W\u00fcrzig strukturierter Riesling mit Opulenz. Durch das hier oberfl\u00e4chlich verwitternde Konglomerat-Gestein bekommt dieser Riesling eine ordentliche Ladung Mineralit\u00e4t ab. 94 Falstaff Datenblatt zu Wein und Lage &nbsp;<\/p>\n","protected":false},"featured_media":4313,"comment_status":"closed","ping_status":"closed","template":"","meta":{"inline_featured_image":false},"class_list":["post-4319","product","type-product","status-publish","has-post-thumbnail","hentry","product_cat-riesling","product_cat-erste-lagen"],"yoast_head":"<!-- This site is optimized with the Yoast SEO plugin v26.6 - https:\/\/yoast.com\/wordpress\/plugins\/seo\/ -->\n<title>Riesling Ried Steingraben 2023 - Weingut Mantlerhof<\/title>\n<meta name=\"robots\" content=\"index, follow, max-snippet:-1, max-image-preview:large, max-video-preview:-1\" \/>\n<link rel=\"canonical\" href=\"https:\/\/www.mantlerhof.com\/produkt\/riesling-ried-steingraben-2023\/\" \/>\n<meta property=\"og:locale\" content=\"en_US\" \/>\n<meta property=\"og:type\" content=\"article\" \/>\n<meta property=\"og:title\" content=\"Riesling Ried Steingraben 2023 - Weingut Mantlerhof\" \/>\n<meta property=\"og:description\" content=\"Erste urkundliche Erw\u00e4hnung 1276 als Tyernsteiner -\u201ed\u00fcrrer Stein\u201c. Boden: Hollenburg-Karlstettner Konglomerat, Sch\u00fcttkegel der Ur-Traisen, teils toniger L\u00f6ss. Sechs Terrassen, gepflanzt 1996. W\u00fcrzig strukturierter Riesling mit Opulenz. Durch das hier oberfl\u00e4chlich verwitternde Konglomerat-Gestein bekommt dieser Riesling eine ordentliche Ladung Mineralit\u00e4t ab. 94 Falstaff Datenblatt zu Wein und Lage &nbsp;\" \/>\n<meta property=\"og:url\" content=\"https:\/\/www.mantlerhof.com\/produkt\/riesling-ried-steingraben-2023\/\" \/>\n<meta property=\"og:site_name\" content=\"Weingut Mantlerhof\" \/>\n<meta property=\"article:modified_time\" content=\"2025-09-25T11:56:00+00:00\" \/>\n<meta property=\"og:image\" content=\"https:\/\/preview-mantlerhof-shop.finecoderz.dev\/wp-content\/uploads\/2025\/09\/flaschenfoto-rr-steingraben-2023-1200x340-1.jpg\" \/>\n\t<meta property=\"og:image:width\" content=\"340\" \/>\n\t<meta property=\"og:image:height\" content=\"1200\" \/>\n\t<meta property=\"og:image:type\" content=\"image\/jpeg\" \/>\n<meta name=\"twitter:card\" content=\"summary_large_image\" \/>\n<meta name=\"twitter:label1\" content=\"Est. reading time\" \/>\n\t<meta name=\"twitter:data1\" content=\"1 minute\" \/>\n<script type=\"application\/ld+json\" class=\"yoast-schema-graph\">{\"@context\":\"https:\/\/schema.org\",\"@graph\":[{\"@type\":\"WebPage\",\"@id\":\"https:\/\/www.mantlerhof.com\/produkt\/riesling-ried-steingraben-2023\/\",\"url\":\"https:\/\/www.mantlerhof.com\/produkt\/riesling-ried-steingraben-2023\/\",\"name\":\"Riesling Ried Steingraben 2023 - Weingut Mantlerhof\",\"isPartOf\":{\"@id\":\"https:\/\/www.mantlerhof.com\/#website\"},\"primaryImageOfPage\":{\"@id\":\"https:\/\/www.mantlerhof.com\/produkt\/riesling-ried-steingraben-2023\/#primaryimage\"},\"image\":{\"@id\":\"https:\/\/www.mantlerhof.com\/produkt\/riesling-ried-steingraben-2023\/#primaryimage\"},\"thumbnailUrl\":\"https:\/\/www.mantlerhof.com\/wp-content\/uploads\/2025\/09\/flaschenfoto-rr-steingraben-2023-1200x340-1.jpg\",\"datePublished\":\"2025-09-01T12:34:30+00:00\",\"dateModified\":\"2025-09-25T11:56:00+00:00\",\"breadcrumb\":{\"@id\":\"https:\/\/www.mantlerhof.com\/produkt\/riesling-ried-steingraben-2023\/#breadcrumb\"},\"inLanguage\":\"en-US\",\"potentialAction\":[{\"@type\":\"ReadAction\",\"target\":[\"https:\/\/www.mantlerhof.com\/produkt\/riesling-ried-steingraben-2023\/\"]}]},{\"@type\":\"ImageObject\",\"inLanguage\":\"en-US\",\"@id\":\"https:\/\/www.mantlerhof.com\/produkt\/riesling-ried-steingraben-2023\/#primaryimage\",\"url\":\"https:\/\/www.mantlerhof.com\/wp-content\/uploads\/2025\/09\/flaschenfoto-rr-steingraben-2023-1200x340-1.jpg\",\"contentUrl\":\"https:\/\/www.mantlerhof.com\/wp-content\/uploads\/2025\/09\/flaschenfoto-rr-steingraben-2023-1200x340-1.jpg\",\"width\":340,\"height\":1200},{\"@type\":\"BreadcrumbList\",\"@id\":\"https:\/\/www.mantlerhof.com\/produkt\/riesling-ried-steingraben-2023\/#breadcrumb\",\"itemListElement\":[{\"@type\":\"ListItem\",\"position\":1,\"name\":\"Home\",\"item\":\"https:\/\/www.mantlerhof.com\/en\/\"},{\"@type\":\"ListItem\",\"position\":2,\"name\":\"Shop\",\"item\":\"https:\/\/www.mantlerhof.com\/shop\/\"},{\"@type\":\"ListItem\",\"position\":3,\"name\":\"Riesling Ried Steingraben 2023\"}]},{\"@type\":\"WebSite\",\"@id\":\"https:\/\/www.mantlerhof.com\/#website\",\"url\":\"https:\/\/www.mantlerhof.com\/\",\"name\":\"Weingut Mantlerhof\",\"description\":\"Das Familienweingut mit Tradition seit 1800\",\"potentialAction\":[{\"@type\":\"SearchAction\",\"target\":{\"@type\":\"EntryPoint\",\"urlTemplate\":\"https:\/\/www.mantlerhof.com\/?s={search_term_string}\"},\"query-input\":{\"@type\":\"PropertyValueSpecification\",\"valueRequired\":true,\"valueName\":\"search_term_string\"}}],\"inLanguage\":\"en-US\"}]}<\/script>\n<!-- \/ Yoast SEO plugin. -->","yoast_head_json":{"title":"Riesling Ried Steingraben 2023 - Weingut Mantlerhof","robots":{"index":"index","follow":"follow","max-snippet":"max-snippet:-1","max-image-preview":"max-image-preview:large","max-video-preview":"max-video-preview:-1"},"canonical":"https:\/\/www.mantlerhof.com\/produkt\/riesling-ried-steingraben-2023\/","og_locale":"en_US","og_type":"article","og_title":"Riesling Ried Steingraben 2023 - Weingut Mantlerhof","og_description":"Erste urkundliche Erw\u00e4hnung 1276 als Tyernsteiner -\u201ed\u00fcrrer Stein\u201c. Boden: Hollenburg-Karlstettner Konglomerat, Sch\u00fcttkegel der Ur-Traisen, teils toniger L\u00f6ss. Sechs Terrassen, gepflanzt 1996. W\u00fcrzig strukturierter Riesling mit Opulenz. Durch das hier oberfl\u00e4chlich verwitternde Konglomerat-Gestein bekommt dieser Riesling eine ordentliche Ladung Mineralit\u00e4t ab. 94 Falstaff Datenblatt zu Wein und Lage &nbsp;","og_url":"https:\/\/www.mantlerhof.com\/produkt\/riesling-ried-steingraben-2023\/","og_site_name":"Weingut Mantlerhof","article_modified_time":"2025-09-25T11:56:00+00:00","og_image":[{"width":340,"height":1200,"url":"https:\/\/preview-mantlerhof-shop.finecoderz.dev\/wp-content\/uploads\/2025\/09\/flaschenfoto-rr-steingraben-2023-1200x340-1.jpg","type":"image\/jpeg"}],"twitter_card":"summary_large_image","twitter_misc":{"Est. reading time":"1 minute"},"schema":{"@context":"https:\/\/schema.org","@graph":[{"@type":"WebPage","@id":"https:\/\/www.mantlerhof.com\/produkt\/riesling-ried-steingraben-2023\/","url":"https:\/\/www.mantlerhof.com\/produkt\/riesling-ried-steingraben-2023\/","name":"Riesling Ried Steingraben 2023 - Weingut Mantlerhof","isPartOf":{"@id":"https:\/\/www.mantlerhof.com\/#website"},"primaryImageOfPage":{"@id":"https:\/\/www.mantlerhof.com\/produkt\/riesling-ried-steingraben-2023\/#primaryimage"},"image":{"@id":"https:\/\/www.mantlerhof.com\/produkt\/riesling-ried-steingraben-2023\/#primaryimage"},"thumbnailUrl":"https:\/\/www.mantlerhof.com\/wp-content\/uploads\/2025\/09\/flaschenfoto-rr-steingraben-2023-1200x340-1.jpg","datePublished":"2025-09-01T12:34:30+00:00","dateModified":"2025-09-25T11:56:00+00:00","breadcrumb":{"@id":"https:\/\/www.mantlerhof.com\/produkt\/riesling-ried-steingraben-2023\/#breadcrumb"},"inLanguage":"en-US","potentialAction":[{"@type":"ReadAction","target":["https:\/\/www.mantlerhof.com\/produkt\/riesling-ried-steingraben-2023\/"]}]},{"@type":"ImageObject","inLanguage":"en-US","@id":"https:\/\/www.mantlerhof.com\/produkt\/riesling-ried-steingraben-2023\/#primaryimage","url":"https:\/\/www.mantlerhof.com\/wp-content\/uploads\/2025\/09\/flaschenfoto-rr-steingraben-2023-1200x340-1.jpg","contentUrl":"https:\/\/www.mantlerhof.com\/wp-content\/uploads\/2025\/09\/flaschenfoto-rr-steingraben-2023-1200x340-1.jpg","width":340,"height":1200},{"@type":"BreadcrumbList","@id":"https:\/\/www.mantlerhof.com\/produkt\/riesling-ried-steingraben-2023\/#breadcrumb","itemListElement":[{"@type":"ListItem","position":1,"name":"Home","item":"https:\/\/www.mantlerhof.com\/en\/"},{"@type":"ListItem","position":2,"name":"Shop","item":"https:\/\/www.mantlerhof.com\/shop\/"},{"@type":"ListItem","position":3,"name":"Riesling Ried Steingraben 2023"}]},{"@type":"WebSite","@id":"https:\/\/www.mantlerhof.com\/#website","url":"https:\/\/www.mantlerhof.com\/","name":"Weingut Mantlerhof","description":"Das Familienweingut mit Tradition seit 1800","potentialAction":[{"@type":"SearchAction","target":{"@type":"EntryPoint","urlTemplate":"https:\/\/www.mantlerhof.com\/?s={search_term_string}"},"query-input":{"@type":"PropertyValueSpecification","valueRequired":true,"valueName":"search_term_string"}}],"inLanguage":"en-US"}]}},"_links":{"self":[{"href":"https:\/\/www.mantlerhof.com\/en\/wp-json\/wp\/v2\/product\/4319","targetHints":{"allow":["GET"]}}],"collection":[{"href":"https:\/\/www.mantlerhof.com\/en\/wp-json\/wp\/v2\/product"}],"about":[{"href":"https:\/\/www.mantlerhof.com\/en\/wp-json\/wp\/v2\/types\/product"}],"replies":[{"embeddable":true,"href":"https:\/\/www.mantlerhof.com\/en\/wp-json\/wp\/v2\/comments?post=4319"}],"wp:featuredmedia":[{"embeddable":true,"href":"https:\/\/www.mantlerhof.com\/en\/wp-json\/wp\/v2\/media\/4313"}],"wp:attachment":[{"href":"https:\/\/www.mantlerhof.com\/en\/wp-json\/wp\/v2\/media?parent=4319"}],"curies":[{"name":"wp","href":"https:\/\/api.w.org\/{rel}","templated":true}]}}