{"id":3778,"date":"2023-09-06T10:37:26","date_gmt":"2023-09-06T08:37:26","guid":{"rendered":"https:\/\/mantlerhof.com\/?post_type=product&#038;p=3778"},"modified":"2025-01-30T15:54:02","modified_gmt":"2025-01-30T14:54:02","slug":"terroir22","status":"publish","type":"product","link":"https:\/\/www.mantlerhof.com\/en\/produkt\/terroir22\/","title":{"rendered":"Paket &#8220;Terroir&#8221; 2022"},"content":{"rendered":"<p>Unser Paket &#8220;Terroir&#8221; beinhaltet unsere 6 Rieden Weine.<br \/>\nVom Gr\u00fcnen Veltliner und Riesling enh\u00e4lt es die Ersten Lagen 2022 und unsere 2 Einzellagen Roten Veltliner aus 2023 sind auch mit dabei.<\/p>\n<p>1x Riesling Ried Wieland 1\u00f6tw 2022 (97 Punkte Falstaff, bestbewertet im Kremstal 2022)<br \/>\n1x Riesling Ried Steingraben 1\u00f6tw 2022 (94 Punkte Falstaff)<\/p>\n<p>1x Gr\u00fcner Veltliner Ried Spiegel 1\u00f6tw 2022 (95 Punkte Falstaff)<br \/>\n1x Gr\u00fcner Veltliner Ried Moosburgerin 1\u00f6tw 2022 (94 Punkte Falstaff)<\/p>\n<p>1x Roter Veltliner Ried Reisenthal 2023 (93 Punkte Falstaff)<br \/>\n1x Roter Veltliner Ried Ungut 2023 (noch nicht bewertet, aber Liebling des Winzers)<\/p>\n<p>Gratis Versand in \u00d6sterreich.<br \/>\nVerg\u00fcnstigter Versand in Deutschland (7\u20ac).<br \/>\nSolange der Vorrat reicht.<\/p>\n<p>Bitte beachten Sie, dass au\u00dferhalb \u00d6sterreichs andere Steuers\u00e4tze gelten. Die Preise werden auf Ihrer Rechnung entsprechend angepasst.<\/p>\n","protected":false},"excerpt":{"rendered":"<p>Unser Paket &#8220;Terroir&#8221; beinhaltet unsere 6 Rieden Weine. Vom Gr\u00fcnen Veltliner und Riesling enh\u00e4lt es die Ersten Lagen 2022 und unsere 2 Einzellagen Roten Veltliner aus 2023 sind auch mit dabei. 1x Riesling Ried Wieland 1\u00f6tw 2022 (97 Punkte Falstaff, bestbewertet im Kremstal 2022) 1x Riesling Ried Steingraben 1\u00f6tw 2022 (94 Punkte Falstaff) 1x Gr\u00fcner [&hellip;]<\/p>\n","protected":false},"featured_media":4069,"comment_status":"closed","ping_status":"closed","template":"","meta":{"inline_featured_image":false},"class_list":["post-3778","product","type-product","status-publish","has-post-thumbnail","hentry","product_cat-gruener-veltliner","product_cat-riesling","product_cat-roter-veltliner","product_cat-erste-lagen","product_cat-lagenweine"],"yoast_head":"<!-- This site is optimized with the Yoast SEO plugin v26.6 - https:\/\/yoast.com\/wordpress\/plugins\/seo\/ -->\n<title>Paket &quot;Terroir&quot; 2022 - Weingut Mantlerhof<\/title>\n<meta name=\"robots\" content=\"index, follow, max-snippet:-1, max-image-preview:large, max-video-preview:-1\" \/>\n<link rel=\"canonical\" href=\"https:\/\/www.mantlerhof.com\/produkt\/terroir22\/\" \/>\n<meta property=\"og:locale\" content=\"en_US\" \/>\n<meta property=\"og:type\" content=\"article\" \/>\n<meta property=\"og:title\" content=\"Paket &quot;Terroir&quot; 2022 - Weingut Mantlerhof\" \/>\n<meta property=\"og:description\" content=\"Unser Paket &#8220;Terroir&#8221; beinhaltet unsere 6 Rieden Weine. Vom Gr\u00fcnen Veltliner und Riesling enh\u00e4lt es die Ersten Lagen 2022 und unsere 2 Einzellagen Roten Veltliner aus 2023 sind auch mit dabei. 1x Riesling Ried Wieland 1\u00f6tw 2022 (97 Punkte Falstaff, bestbewertet im Kremstal 2022) 1x Riesling Ried Steingraben 1\u00f6tw 2022 (94 Punkte Falstaff) 1x Gr\u00fcner [&hellip;]\" \/>\n<meta property=\"og:url\" content=\"https:\/\/www.mantlerhof.com\/produkt\/terroir22\/\" \/>\n<meta property=\"og:site_name\" content=\"Weingut Mantlerhof\" \/>\n<meta property=\"article:modified_time\" content=\"2025-01-30T14:54:02+00:00\" \/>\n<meta property=\"og:image\" content=\"https:\/\/preview-mantlerhof-shop.finecoderz.dev\/wp-content\/uploads\/2024\/11\/2022-ungut-23-terroir-paket-klein.jpg\" \/>\n\t<meta property=\"og:image:width\" content=\"341\" \/>\n\t<meta property=\"og:image:height\" content=\"1200\" \/>\n\t<meta property=\"og:image:type\" content=\"image\/jpeg\" \/>\n<meta name=\"twitter:card\" content=\"summary_large_image\" \/>\n<meta name=\"twitter:label1\" content=\"Est. reading time\" \/>\n\t<meta name=\"twitter:data1\" content=\"1 minute\" \/>\n<script type=\"application\/ld+json\" class=\"yoast-schema-graph\">{\"@context\":\"https:\/\/schema.org\",\"@graph\":[{\"@type\":\"WebPage\",\"@id\":\"https:\/\/www.mantlerhof.com\/produkt\/terroir22\/\",\"url\":\"https:\/\/www.mantlerhof.com\/produkt\/terroir22\/\",\"name\":\"Paket \\\"Terroir\\\" 2022 - Weingut Mantlerhof\",\"isPartOf\":{\"@id\":\"https:\/\/www.mantlerhof.com\/#website\"},\"primaryImageOfPage\":{\"@id\":\"https:\/\/www.mantlerhof.com\/produkt\/terroir22\/#primaryimage\"},\"image\":{\"@id\":\"https:\/\/www.mantlerhof.com\/produkt\/terroir22\/#primaryimage\"},\"thumbnailUrl\":\"https:\/\/www.mantlerhof.com\/wp-content\/uploads\/2024\/11\/2022-ungut-23-terroir-paket-klein.jpg\",\"datePublished\":\"2023-09-06T08:37:26+00:00\",\"dateModified\":\"2025-01-30T14:54:02+00:00\",\"breadcrumb\":{\"@id\":\"https:\/\/www.mantlerhof.com\/produkt\/terroir22\/#breadcrumb\"},\"inLanguage\":\"en-US\",\"potentialAction\":[{\"@type\":\"ReadAction\",\"target\":[\"https:\/\/www.mantlerhof.com\/produkt\/terroir22\/\"]}]},{\"@type\":\"ImageObject\",\"inLanguage\":\"en-US\",\"@id\":\"https:\/\/www.mantlerhof.com\/produkt\/terroir22\/#primaryimage\",\"url\":\"https:\/\/www.mantlerhof.com\/wp-content\/uploads\/2024\/11\/2022-ungut-23-terroir-paket-klein.jpg\",\"contentUrl\":\"https:\/\/www.mantlerhof.com\/wp-content\/uploads\/2024\/11\/2022-ungut-23-terroir-paket-klein.jpg\",\"width\":341,\"height\":1200},{\"@type\":\"BreadcrumbList\",\"@id\":\"https:\/\/www.mantlerhof.com\/produkt\/terroir22\/#breadcrumb\",\"itemListElement\":[{\"@type\":\"ListItem\",\"position\":1,\"name\":\"Home\",\"item\":\"https:\/\/www.mantlerhof.com\/en\/\"},{\"@type\":\"ListItem\",\"position\":2,\"name\":\"Shop\",\"item\":\"https:\/\/www.mantlerhof.com\/shop\/\"},{\"@type\":\"ListItem\",\"position\":3,\"name\":\"Paket &#8222;Terroir&#8220; 2022\"}]},{\"@type\":\"WebSite\",\"@id\":\"https:\/\/www.mantlerhof.com\/#website\",\"url\":\"https:\/\/www.mantlerhof.com\/\",\"name\":\"Weingut Mantlerhof\",\"description\":\"Das Familienweingut mit Tradition seit 1800\",\"potentialAction\":[{\"@type\":\"SearchAction\",\"target\":{\"@type\":\"EntryPoint\",\"urlTemplate\":\"https:\/\/www.mantlerhof.com\/?s={search_term_string}\"},\"query-input\":{\"@type\":\"PropertyValueSpecification\",\"valueRequired\":true,\"valueName\":\"search_term_string\"}}],\"inLanguage\":\"en-US\"}]}<\/script>\n<!-- \/ Yoast SEO plugin. -->","yoast_head_json":{"title":"Paket \"Terroir\" 2022 - Weingut Mantlerhof","robots":{"index":"index","follow":"follow","max-snippet":"max-snippet:-1","max-image-preview":"max-image-preview:large","max-video-preview":"max-video-preview:-1"},"canonical":"https:\/\/www.mantlerhof.com\/produkt\/terroir22\/","og_locale":"en_US","og_type":"article","og_title":"Paket \"Terroir\" 2022 - Weingut Mantlerhof","og_description":"Unser Paket &#8220;Terroir&#8221; beinhaltet unsere 6 Rieden Weine. Vom Gr\u00fcnen Veltliner und Riesling enh\u00e4lt es die Ersten Lagen 2022 und unsere 2 Einzellagen Roten Veltliner aus 2023 sind auch mit dabei. 1x Riesling Ried Wieland 1\u00f6tw 2022 (97 Punkte Falstaff, bestbewertet im Kremstal 2022) 1x Riesling Ried Steingraben 1\u00f6tw 2022 (94 Punkte Falstaff) 1x Gr\u00fcner [&hellip;]","og_url":"https:\/\/www.mantlerhof.com\/produkt\/terroir22\/","og_site_name":"Weingut Mantlerhof","article_modified_time":"2025-01-30T14:54:02+00:00","og_image":[{"width":341,"height":1200,"url":"https:\/\/preview-mantlerhof-shop.finecoderz.dev\/wp-content\/uploads\/2024\/11\/2022-ungut-23-terroir-paket-klein.jpg","type":"image\/jpeg"}],"twitter_card":"summary_large_image","twitter_misc":{"Est. reading time":"1 minute"},"schema":{"@context":"https:\/\/schema.org","@graph":[{"@type":"WebPage","@id":"https:\/\/www.mantlerhof.com\/produkt\/terroir22\/","url":"https:\/\/www.mantlerhof.com\/produkt\/terroir22\/","name":"Paket \"Terroir\" 2022 - Weingut Mantlerhof","isPartOf":{"@id":"https:\/\/www.mantlerhof.com\/#website"},"primaryImageOfPage":{"@id":"https:\/\/www.mantlerhof.com\/produkt\/terroir22\/#primaryimage"},"image":{"@id":"https:\/\/www.mantlerhof.com\/produkt\/terroir22\/#primaryimage"},"thumbnailUrl":"https:\/\/www.mantlerhof.com\/wp-content\/uploads\/2024\/11\/2022-ungut-23-terroir-paket-klein.jpg","datePublished":"2023-09-06T08:37:26+00:00","dateModified":"2025-01-30T14:54:02+00:00","breadcrumb":{"@id":"https:\/\/www.mantlerhof.com\/produkt\/terroir22\/#breadcrumb"},"inLanguage":"en-US","potentialAction":[{"@type":"ReadAction","target":["https:\/\/www.mantlerhof.com\/produkt\/terroir22\/"]}]},{"@type":"ImageObject","inLanguage":"en-US","@id":"https:\/\/www.mantlerhof.com\/produkt\/terroir22\/#primaryimage","url":"https:\/\/www.mantlerhof.com\/wp-content\/uploads\/2024\/11\/2022-ungut-23-terroir-paket-klein.jpg","contentUrl":"https:\/\/www.mantlerhof.com\/wp-content\/uploads\/2024\/11\/2022-ungut-23-terroir-paket-klein.jpg","width":341,"height":1200},{"@type":"BreadcrumbList","@id":"https:\/\/www.mantlerhof.com\/produkt\/terroir22\/#breadcrumb","itemListElement":[{"@type":"ListItem","position":1,"name":"Home","item":"https:\/\/www.mantlerhof.com\/en\/"},{"@type":"ListItem","position":2,"name":"Shop","item":"https:\/\/www.mantlerhof.com\/shop\/"},{"@type":"ListItem","position":3,"name":"Paket &#8222;Terroir&#8220; 2022"}]},{"@type":"WebSite","@id":"https:\/\/www.mantlerhof.com\/#website","url":"https:\/\/www.mantlerhof.com\/","name":"Weingut Mantlerhof","description":"Das Familienweingut mit Tradition seit 1800","potentialAction":[{"@type":"SearchAction","target":{"@type":"EntryPoint","urlTemplate":"https:\/\/www.mantlerhof.com\/?s={search_term_string}"},"query-input":{"@type":"PropertyValueSpecification","valueRequired":true,"valueName":"search_term_string"}}],"inLanguage":"en-US"}]}},"_links":{"self":[{"href":"https:\/\/www.mantlerhof.com\/en\/wp-json\/wp\/v2\/product\/3778","targetHints":{"allow":["GET"]}}],"collection":[{"href":"https:\/\/www.mantlerhof.com\/en\/wp-json\/wp\/v2\/product"}],"about":[{"href":"https:\/\/www.mantlerhof.com\/en\/wp-json\/wp\/v2\/types\/product"}],"replies":[{"embeddable":true,"href":"https:\/\/www.mantlerhof.com\/en\/wp-json\/wp\/v2\/comments?post=3778"}],"wp:featuredmedia":[{"embeddable":true,"href":"https:\/\/www.mantlerhof.com\/en\/wp-json\/wp\/v2\/media\/4069"}],"wp:attachment":[{"href":"https:\/\/www.mantlerhof.com\/en\/wp-json\/wp\/v2\/media?parent=3778"}],"curies":[{"name":"wp","href":"https:\/\/api.w.org\/{rel}","templated":true}]}}