{"id":2487,"date":"2020-03-24T14:44:04","date_gmt":"2020-03-24T13:44:04","guid":{"rendered":"https:\/\/mantlerhof.com\/?post_type=product&#038;p=2487"},"modified":"2026-04-22T08:10:32","modified_gmt":"2026-04-22T06:10:32","slug":"probierpaket2024","status":"publish","type":"product","link":"https:\/\/www.mantlerhof.com\/en\/produkt\/probierpaket2024\/","title":{"rendered":"Probierpaket 2025 &#8211; 6 Flaschen"},"content":{"rendered":"<p>Unsere 6 &#8220;Sorte im Vordergrund&#8221;-Weine des Jahrgangs 2025 und dem Roten Veltliner 2024. Ideal um sich in den neuen Jahrgang hinein zu kosten und unser Weingut kennenzulernen.<\/p>\n<p>1x Roter Veltliner Ried Reisenthal 2024<br \/>\n1x Gr\u00fcner Veltliner Ried Weitgasse 2025<br \/>\n1x Gr\u00fcner Veltliner L\u00f6ssterrassen 2025<br \/>\n1x Riesling Ried Zehetnerin 2025<br \/>\n1x Gr\u00fcner Sylvaner 2025<br \/>\n1x Neuburger Hommage 2025<\/p>\n<p>Bei diesem Paket ersparen Sie sich die Versandkosten innerhalb <strong>\u00d6sterreichs<\/strong>.<\/p>\n<p>Zutaten: Trauben aus biologischer Landwirtschaft; Antioxidantien: Schwefeldioxid<br \/>\nDurchschnittlicher N\u00e4hrwert pro 100ml:<br \/>\nBrennwert: 75kcal\/310kJ<br \/>\nKohlenhydrate: 1,0g<br \/>\ndavon Zucker: 0,1g<br \/>\nEnth\u00e4lt geringf\u00fcgige Mengen von Fett, ges\u00e4ttigten Fetts\u00e4uren, Eiwei\u00df und Salz.<\/p>\n","protected":false},"excerpt":{"rendered":"<p>Unsere 6 &#8220;Sorte im Vordergrund&#8221;-Weine des Jahrgangs 2025 und dem Roten Veltliner 2024. Ideal um sich in den neuen Jahrgang hinein zu kosten und unser Weingut kennenzulernen. 1x Roter Veltliner Ried Reisenthal 2024 1x Gr\u00fcner Veltliner Ried Weitgasse 2025 1x Gr\u00fcner Veltliner L\u00f6ssterrassen 2025 1x Riesling Ried Zehetnerin 2025 1x Gr\u00fcner Sylvaner 2025 1x Neuburger [&hellip;]<\/p>\n","protected":false},"featured_media":4485,"comment_status":"closed","ping_status":"closed","template":"","meta":{"inline_featured_image":false},"class_list":["post-2487","product","type-product","status-publish","has-post-thumbnail","hentry","product_cat-gelber-muskateller","product_cat-gruener-veltliner","product_cat-neuburger","product_cat-riesling","product_cat-sorte-im-vordergrund"],"yoast_head":"<!-- This site is optimized with the Yoast SEO plugin v26.6 - https:\/\/yoast.com\/wordpress\/plugins\/seo\/ -->\n<title>Probierpaket 2025 - 6 Flaschen - Weingut Mantlerhof<\/title>\n<meta name=\"robots\" content=\"index, follow, max-snippet:-1, max-image-preview:large, max-video-preview:-1\" \/>\n<link rel=\"canonical\" href=\"https:\/\/www.mantlerhof.com\/produkt\/probierpaket2024\/\" \/>\n<meta property=\"og:locale\" content=\"en_US\" \/>\n<meta property=\"og:type\" content=\"article\" \/>\n<meta property=\"og:title\" content=\"Probierpaket 2025 - 6 Flaschen - Weingut Mantlerhof\" \/>\n<meta property=\"og:description\" content=\"Unsere 6 &#8220;Sorte im Vordergrund&#8221;-Weine des Jahrgangs 2025 und dem Roten Veltliner 2024. Ideal um sich in den neuen Jahrgang hinein zu kosten und unser Weingut kennenzulernen. 1x Roter Veltliner Ried Reisenthal 2024 1x Gr\u00fcner Veltliner Ried Weitgasse 2025 1x Gr\u00fcner Veltliner L\u00f6ssterrassen 2025 1x Riesling Ried Zehetnerin 2025 1x Gr\u00fcner Sylvaner 2025 1x Neuburger [&hellip;]\" \/>\n<meta property=\"og:url\" content=\"https:\/\/www.mantlerhof.com\/produkt\/probierpaket2024\/\" \/>\n<meta property=\"og:site_name\" content=\"Weingut Mantlerhof\" \/>\n<meta property=\"article:modified_time\" content=\"2026-04-22T06:10:32+00:00\" \/>\n<meta property=\"og:image\" content=\"https:\/\/www.mantlerhof.com\/wp-content\/uploads\/2026\/04\/2025-probierpaket-klein-produktfoto-klein.jpg\" \/>\n\t<meta property=\"og:image:width\" content=\"341\" \/>\n\t<meta property=\"og:image:height\" content=\"1200\" \/>\n\t<meta property=\"og:image:type\" content=\"image\/jpeg\" \/>\n<meta name=\"twitter:card\" content=\"summary_large_image\" \/>\n<meta name=\"twitter:label1\" content=\"Est. reading time\" \/>\n\t<meta name=\"twitter:data1\" content=\"1 minute\" \/>\n<script type=\"application\/ld+json\" class=\"yoast-schema-graph\">{\"@context\":\"https:\/\/schema.org\",\"@graph\":[{\"@type\":\"WebPage\",\"@id\":\"https:\/\/www.mantlerhof.com\/produkt\/probierpaket2024\/\",\"url\":\"https:\/\/www.mantlerhof.com\/produkt\/probierpaket2024\/\",\"name\":\"Probierpaket 2025 - 6 Flaschen - Weingut Mantlerhof\",\"isPartOf\":{\"@id\":\"https:\/\/www.mantlerhof.com\/#website\"},\"primaryImageOfPage\":{\"@id\":\"https:\/\/www.mantlerhof.com\/produkt\/probierpaket2024\/#primaryimage\"},\"image\":{\"@id\":\"https:\/\/www.mantlerhof.com\/produkt\/probierpaket2024\/#primaryimage\"},\"thumbnailUrl\":\"https:\/\/www.mantlerhof.com\/wp-content\/uploads\/2026\/04\/2025-probierpaket-klein-produktfoto-klein.jpg\",\"datePublished\":\"2020-03-24T13:44:04+00:00\",\"dateModified\":\"2026-04-22T06:10:32+00:00\",\"breadcrumb\":{\"@id\":\"https:\/\/www.mantlerhof.com\/produkt\/probierpaket2024\/#breadcrumb\"},\"inLanguage\":\"en-US\",\"potentialAction\":[{\"@type\":\"ReadAction\",\"target\":[\"https:\/\/www.mantlerhof.com\/produkt\/probierpaket2024\/\"]}]},{\"@type\":\"ImageObject\",\"inLanguage\":\"en-US\",\"@id\":\"https:\/\/www.mantlerhof.com\/produkt\/probierpaket2024\/#primaryimage\",\"url\":\"https:\/\/www.mantlerhof.com\/wp-content\/uploads\/2026\/04\/2025-probierpaket-klein-produktfoto-klein.jpg\",\"contentUrl\":\"https:\/\/www.mantlerhof.com\/wp-content\/uploads\/2026\/04\/2025-probierpaket-klein-produktfoto-klein.jpg\",\"width\":341,\"height\":1200},{\"@type\":\"BreadcrumbList\",\"@id\":\"https:\/\/www.mantlerhof.com\/produkt\/probierpaket2024\/#breadcrumb\",\"itemListElement\":[{\"@type\":\"ListItem\",\"position\":1,\"name\":\"Home\",\"item\":\"https:\/\/www.mantlerhof.com\/en\/\"},{\"@type\":\"ListItem\",\"position\":2,\"name\":\"Shop\",\"item\":\"https:\/\/www.mantlerhof.com\/shop\/\"},{\"@type\":\"ListItem\",\"position\":3,\"name\":\"Probierpaket 2025 &#8211; 6 Flaschen\"}]},{\"@type\":\"WebSite\",\"@id\":\"https:\/\/www.mantlerhof.com\/#website\",\"url\":\"https:\/\/www.mantlerhof.com\/\",\"name\":\"Weingut Mantlerhof\",\"description\":\"Das Familienweingut mit Tradition seit 1800\",\"potentialAction\":[{\"@type\":\"SearchAction\",\"target\":{\"@type\":\"EntryPoint\",\"urlTemplate\":\"https:\/\/www.mantlerhof.com\/?s={search_term_string}\"},\"query-input\":{\"@type\":\"PropertyValueSpecification\",\"valueRequired\":true,\"valueName\":\"search_term_string\"}}],\"inLanguage\":\"en-US\"}]}<\/script>\n<!-- \/ Yoast SEO plugin. -->","yoast_head_json":{"title":"Probierpaket 2025 - 6 Flaschen - Weingut Mantlerhof","robots":{"index":"index","follow":"follow","max-snippet":"max-snippet:-1","max-image-preview":"max-image-preview:large","max-video-preview":"max-video-preview:-1"},"canonical":"https:\/\/www.mantlerhof.com\/produkt\/probierpaket2024\/","og_locale":"en_US","og_type":"article","og_title":"Probierpaket 2025 - 6 Flaschen - Weingut Mantlerhof","og_description":"Unsere 6 &#8220;Sorte im Vordergrund&#8221;-Weine des Jahrgangs 2025 und dem Roten Veltliner 2024. Ideal um sich in den neuen Jahrgang hinein zu kosten und unser Weingut kennenzulernen. 1x Roter Veltliner Ried Reisenthal 2024 1x Gr\u00fcner Veltliner Ried Weitgasse 2025 1x Gr\u00fcner Veltliner L\u00f6ssterrassen 2025 1x Riesling Ried Zehetnerin 2025 1x Gr\u00fcner Sylvaner 2025 1x Neuburger [&hellip;]","og_url":"https:\/\/www.mantlerhof.com\/produkt\/probierpaket2024\/","og_site_name":"Weingut Mantlerhof","article_modified_time":"2026-04-22T06:10:32+00:00","og_image":[{"width":341,"height":1200,"url":"https:\/\/www.mantlerhof.com\/wp-content\/uploads\/2026\/04\/2025-probierpaket-klein-produktfoto-klein.jpg","type":"image\/jpeg"}],"twitter_card":"summary_large_image","twitter_misc":{"Est. reading time":"1 minute"},"schema":{"@context":"https:\/\/schema.org","@graph":[{"@type":"WebPage","@id":"https:\/\/www.mantlerhof.com\/produkt\/probierpaket2024\/","url":"https:\/\/www.mantlerhof.com\/produkt\/probierpaket2024\/","name":"Probierpaket 2025 - 6 Flaschen - Weingut Mantlerhof","isPartOf":{"@id":"https:\/\/www.mantlerhof.com\/#website"},"primaryImageOfPage":{"@id":"https:\/\/www.mantlerhof.com\/produkt\/probierpaket2024\/#primaryimage"},"image":{"@id":"https:\/\/www.mantlerhof.com\/produkt\/probierpaket2024\/#primaryimage"},"thumbnailUrl":"https:\/\/www.mantlerhof.com\/wp-content\/uploads\/2026\/04\/2025-probierpaket-klein-produktfoto-klein.jpg","datePublished":"2020-03-24T13:44:04+00:00","dateModified":"2026-04-22T06:10:32+00:00","breadcrumb":{"@id":"https:\/\/www.mantlerhof.com\/produkt\/probierpaket2024\/#breadcrumb"},"inLanguage":"en-US","potentialAction":[{"@type":"ReadAction","target":["https:\/\/www.mantlerhof.com\/produkt\/probierpaket2024\/"]}]},{"@type":"ImageObject","inLanguage":"en-US","@id":"https:\/\/www.mantlerhof.com\/produkt\/probierpaket2024\/#primaryimage","url":"https:\/\/www.mantlerhof.com\/wp-content\/uploads\/2026\/04\/2025-probierpaket-klein-produktfoto-klein.jpg","contentUrl":"https:\/\/www.mantlerhof.com\/wp-content\/uploads\/2026\/04\/2025-probierpaket-klein-produktfoto-klein.jpg","width":341,"height":1200},{"@type":"BreadcrumbList","@id":"https:\/\/www.mantlerhof.com\/produkt\/probierpaket2024\/#breadcrumb","itemListElement":[{"@type":"ListItem","position":1,"name":"Home","item":"https:\/\/www.mantlerhof.com\/en\/"},{"@type":"ListItem","position":2,"name":"Shop","item":"https:\/\/www.mantlerhof.com\/shop\/"},{"@type":"ListItem","position":3,"name":"Probierpaket 2025 &#8211; 6 Flaschen"}]},{"@type":"WebSite","@id":"https:\/\/www.mantlerhof.com\/#website","url":"https:\/\/www.mantlerhof.com\/","name":"Weingut Mantlerhof","description":"Das Familienweingut mit Tradition seit 1800","potentialAction":[{"@type":"SearchAction","target":{"@type":"EntryPoint","urlTemplate":"https:\/\/www.mantlerhof.com\/?s={search_term_string}"},"query-input":{"@type":"PropertyValueSpecification","valueRequired":true,"valueName":"search_term_string"}}],"inLanguage":"en-US"}]}},"_links":{"self":[{"href":"https:\/\/www.mantlerhof.com\/en\/wp-json\/wp\/v2\/product\/2487","targetHints":{"allow":["GET"]}}],"collection":[{"href":"https:\/\/www.mantlerhof.com\/en\/wp-json\/wp\/v2\/product"}],"about":[{"href":"https:\/\/www.mantlerhof.com\/en\/wp-json\/wp\/v2\/types\/product"}],"replies":[{"embeddable":true,"href":"https:\/\/www.mantlerhof.com\/en\/wp-json\/wp\/v2\/comments?post=2487"}],"wp:featuredmedia":[{"embeddable":true,"href":"https:\/\/www.mantlerhof.com\/en\/wp-json\/wp\/v2\/media\/4485"}],"wp:attachment":[{"href":"https:\/\/www.mantlerhof.com\/en\/wp-json\/wp\/v2\/media?parent=2487"}],"curies":[{"name":"wp","href":"https:\/\/api.w.org\/{rel}","templated":true}]}}