{"id":2184,"date":"2019-10-04T14:26:35","date_gmt":"2019-10-04T12:26:35","guid":{"rendered":"https:\/\/mantlerhof.com\/?post_type=product&#038;p=2184"},"modified":"2025-09-01T14:55:02","modified_gmt":"2025-09-01T12:55:02","slug":"roter-veltliner-2024-selection","status":"publish","type":"product","link":"https:\/\/www.mantlerhof.com\/en\/produkt\/roter-veltliner-2024-selection\/","title":{"rendered":"Roter Veltliner Ried Reisenthal 2024 Selection"},"content":{"rendered":"<p>Roter Veltliner ist eine bodenst\u00e4ndige alte Wei\u00dfweinrebe mit hellroten Beeren bei Vollreife. Eine Spezialit\u00e4t am Mantlerhof mit langer Tradition. Von ihr stammen Neuburger, Fr\u00fchroter Veltliner und Rotgipfler. Sie wurde als erste Rebsorte in die Arche Noah des Geschmacks des Slow Food Vereins aufgenommen.<\/p>\n<p>Dieser Rote Veltliner ist klassisch im Stahl ausgebaut. F\u00fcr die Selection werden nur die reifsten Trauben geerntet. Toller Speisebegleiter f\u00fcr Gericht die sonst eher eine Herausforderung bei der richtigen Paarung darstellen (Scharfe asiatische K\u00fcche, Wild, Ragouts&#8230;.). Leichte Rests\u00fc\u00dfe. Reifepotential ohne Ende!<\/p>\n<p>Datenblatt zu Wein und Lage<\/p>\n","protected":false},"excerpt":{"rendered":"<p>Roter Veltliner ist eine bodenst\u00e4ndige alte Wei\u00dfweinrebe mit hellroten Beeren bei Vollreife. Eine Spezialit\u00e4t am Mantlerhof mit langer Tradition. Von ihr stammen Neuburger, Fr\u00fchroter Veltliner und Rotgipfler. Sie wurde als erste Rebsorte in die Arche Noah des Geschmacks des Slow Food Vereins aufgenommen. Dieser Rote Veltliner ist klassisch im Stahl ausgebaut. F\u00fcr die Selection werden [&hellip;]<\/p>\n","protected":false},"featured_media":4323,"comment_status":"closed","ping_status":"closed","template":"","meta":{"inline_featured_image":false},"class_list":["post-2184","product","type-product","status-publish","has-post-thumbnail","hentry","product_cat-roter-veltliner","product_cat-lagenweine","product_cat-sorte-im-vordergrund"],"yoast_head":"<!-- This site is optimized with the Yoast SEO plugin v26.6 - https:\/\/yoast.com\/wordpress\/plugins\/seo\/ -->\n<title>Roter Veltliner Ried Reisenthal 2024 Selection - Weingut Mantlerhof<\/title>\n<meta name=\"robots\" content=\"index, follow, max-snippet:-1, max-image-preview:large, max-video-preview:-1\" \/>\n<link rel=\"canonical\" href=\"https:\/\/www.mantlerhof.com\/produkt\/roter-veltliner-2024-selection\/\" \/>\n<meta property=\"og:locale\" content=\"en_US\" \/>\n<meta property=\"og:type\" content=\"article\" \/>\n<meta property=\"og:title\" content=\"Roter Veltliner Ried Reisenthal 2024 Selection - Weingut Mantlerhof\" \/>\n<meta property=\"og:description\" content=\"Roter Veltliner ist eine bodenst\u00e4ndige alte Wei\u00dfweinrebe mit hellroten Beeren bei Vollreife. Eine Spezialit\u00e4t am Mantlerhof mit langer Tradition. Von ihr stammen Neuburger, Fr\u00fchroter Veltliner und Rotgipfler. Sie wurde als erste Rebsorte in die Arche Noah des Geschmacks des Slow Food Vereins aufgenommen. Dieser Rote Veltliner ist klassisch im Stahl ausgebaut. F\u00fcr die Selection werden [&hellip;]\" \/>\n<meta property=\"og:url\" content=\"https:\/\/www.mantlerhof.com\/produkt\/roter-veltliner-2024-selection\/\" \/>\n<meta property=\"og:site_name\" content=\"Weingut Mantlerhof\" \/>\n<meta property=\"article:modified_time\" content=\"2025-09-01T12:55:02+00:00\" \/>\n<meta property=\"og:image\" content=\"https:\/\/preview-mantlerhof-shop.finecoderz.dev\/wp-content\/uploads\/2025\/09\/flaschenfoto-rv-reisenthal-selection-2024-1200x340-1.jpg\" \/>\n\t<meta property=\"og:image:width\" content=\"340\" \/>\n\t<meta property=\"og:image:height\" content=\"1200\" \/>\n\t<meta property=\"og:image:type\" content=\"image\/jpeg\" \/>\n<meta name=\"twitter:card\" content=\"summary_large_image\" \/>\n<meta name=\"twitter:label1\" content=\"Est. reading time\" \/>\n\t<meta name=\"twitter:data1\" content=\"1 minute\" \/>\n<script type=\"application\/ld+json\" class=\"yoast-schema-graph\">{\"@context\":\"https:\/\/schema.org\",\"@graph\":[{\"@type\":\"WebPage\",\"@id\":\"https:\/\/www.mantlerhof.com\/produkt\/roter-veltliner-2024-selection\/\",\"url\":\"https:\/\/www.mantlerhof.com\/produkt\/roter-veltliner-2024-selection\/\",\"name\":\"Roter Veltliner Ried Reisenthal 2024 Selection - Weingut Mantlerhof\",\"isPartOf\":{\"@id\":\"https:\/\/www.mantlerhof.com\/#website\"},\"primaryImageOfPage\":{\"@id\":\"https:\/\/www.mantlerhof.com\/produkt\/roter-veltliner-2024-selection\/#primaryimage\"},\"image\":{\"@id\":\"https:\/\/www.mantlerhof.com\/produkt\/roter-veltliner-2024-selection\/#primaryimage\"},\"thumbnailUrl\":\"https:\/\/www.mantlerhof.com\/wp-content\/uploads\/2025\/09\/flaschenfoto-rv-reisenthal-selection-2024-1200x340-1.jpg\",\"datePublished\":\"2019-10-04T12:26:35+00:00\",\"dateModified\":\"2025-09-01T12:55:02+00:00\",\"breadcrumb\":{\"@id\":\"https:\/\/www.mantlerhof.com\/produkt\/roter-veltliner-2024-selection\/#breadcrumb\"},\"inLanguage\":\"en-US\",\"potentialAction\":[{\"@type\":\"ReadAction\",\"target\":[\"https:\/\/www.mantlerhof.com\/produkt\/roter-veltliner-2024-selection\/\"]}]},{\"@type\":\"ImageObject\",\"inLanguage\":\"en-US\",\"@id\":\"https:\/\/www.mantlerhof.com\/produkt\/roter-veltliner-2024-selection\/#primaryimage\",\"url\":\"https:\/\/www.mantlerhof.com\/wp-content\/uploads\/2025\/09\/flaschenfoto-rv-reisenthal-selection-2024-1200x340-1.jpg\",\"contentUrl\":\"https:\/\/www.mantlerhof.com\/wp-content\/uploads\/2025\/09\/flaschenfoto-rv-reisenthal-selection-2024-1200x340-1.jpg\",\"width\":340,\"height\":1200},{\"@type\":\"BreadcrumbList\",\"@id\":\"https:\/\/www.mantlerhof.com\/produkt\/roter-veltliner-2024-selection\/#breadcrumb\",\"itemListElement\":[{\"@type\":\"ListItem\",\"position\":1,\"name\":\"Home\",\"item\":\"https:\/\/www.mantlerhof.com\/en\/\"},{\"@type\":\"ListItem\",\"position\":2,\"name\":\"Shop\",\"item\":\"https:\/\/www.mantlerhof.com\/shop\/\"},{\"@type\":\"ListItem\",\"position\":3,\"name\":\"Roter Veltliner Ried Reisenthal 2024 Selection\"}]},{\"@type\":\"WebSite\",\"@id\":\"https:\/\/www.mantlerhof.com\/#website\",\"url\":\"https:\/\/www.mantlerhof.com\/\",\"name\":\"Weingut Mantlerhof\",\"description\":\"Das Familienweingut mit Tradition seit 1800\",\"potentialAction\":[{\"@type\":\"SearchAction\",\"target\":{\"@type\":\"EntryPoint\",\"urlTemplate\":\"https:\/\/www.mantlerhof.com\/?s={search_term_string}\"},\"query-input\":{\"@type\":\"PropertyValueSpecification\",\"valueRequired\":true,\"valueName\":\"search_term_string\"}}],\"inLanguage\":\"en-US\"}]}<\/script>\n<!-- \/ Yoast SEO plugin. -->","yoast_head_json":{"title":"Roter Veltliner Ried Reisenthal 2024 Selection - Weingut Mantlerhof","robots":{"index":"index","follow":"follow","max-snippet":"max-snippet:-1","max-image-preview":"max-image-preview:large","max-video-preview":"max-video-preview:-1"},"canonical":"https:\/\/www.mantlerhof.com\/produkt\/roter-veltliner-2024-selection\/","og_locale":"en_US","og_type":"article","og_title":"Roter Veltliner Ried Reisenthal 2024 Selection - Weingut Mantlerhof","og_description":"Roter Veltliner ist eine bodenst\u00e4ndige alte Wei\u00dfweinrebe mit hellroten Beeren bei Vollreife. Eine Spezialit\u00e4t am Mantlerhof mit langer Tradition. Von ihr stammen Neuburger, Fr\u00fchroter Veltliner und Rotgipfler. Sie wurde als erste Rebsorte in die Arche Noah des Geschmacks des Slow Food Vereins aufgenommen. Dieser Rote Veltliner ist klassisch im Stahl ausgebaut. F\u00fcr die Selection werden [&hellip;]","og_url":"https:\/\/www.mantlerhof.com\/produkt\/roter-veltliner-2024-selection\/","og_site_name":"Weingut Mantlerhof","article_modified_time":"2025-09-01T12:55:02+00:00","og_image":[{"width":340,"height":1200,"url":"https:\/\/preview-mantlerhof-shop.finecoderz.dev\/wp-content\/uploads\/2025\/09\/flaschenfoto-rv-reisenthal-selection-2024-1200x340-1.jpg","type":"image\/jpeg"}],"twitter_card":"summary_large_image","twitter_misc":{"Est. reading time":"1 minute"},"schema":{"@context":"https:\/\/schema.org","@graph":[{"@type":"WebPage","@id":"https:\/\/www.mantlerhof.com\/produkt\/roter-veltliner-2024-selection\/","url":"https:\/\/www.mantlerhof.com\/produkt\/roter-veltliner-2024-selection\/","name":"Roter Veltliner Ried Reisenthal 2024 Selection - Weingut Mantlerhof","isPartOf":{"@id":"https:\/\/www.mantlerhof.com\/#website"},"primaryImageOfPage":{"@id":"https:\/\/www.mantlerhof.com\/produkt\/roter-veltliner-2024-selection\/#primaryimage"},"image":{"@id":"https:\/\/www.mantlerhof.com\/produkt\/roter-veltliner-2024-selection\/#primaryimage"},"thumbnailUrl":"https:\/\/www.mantlerhof.com\/wp-content\/uploads\/2025\/09\/flaschenfoto-rv-reisenthal-selection-2024-1200x340-1.jpg","datePublished":"2019-10-04T12:26:35+00:00","dateModified":"2025-09-01T12:55:02+00:00","breadcrumb":{"@id":"https:\/\/www.mantlerhof.com\/produkt\/roter-veltliner-2024-selection\/#breadcrumb"},"inLanguage":"en-US","potentialAction":[{"@type":"ReadAction","target":["https:\/\/www.mantlerhof.com\/produkt\/roter-veltliner-2024-selection\/"]}]},{"@type":"ImageObject","inLanguage":"en-US","@id":"https:\/\/www.mantlerhof.com\/produkt\/roter-veltliner-2024-selection\/#primaryimage","url":"https:\/\/www.mantlerhof.com\/wp-content\/uploads\/2025\/09\/flaschenfoto-rv-reisenthal-selection-2024-1200x340-1.jpg","contentUrl":"https:\/\/www.mantlerhof.com\/wp-content\/uploads\/2025\/09\/flaschenfoto-rv-reisenthal-selection-2024-1200x340-1.jpg","width":340,"height":1200},{"@type":"BreadcrumbList","@id":"https:\/\/www.mantlerhof.com\/produkt\/roter-veltliner-2024-selection\/#breadcrumb","itemListElement":[{"@type":"ListItem","position":1,"name":"Home","item":"https:\/\/www.mantlerhof.com\/en\/"},{"@type":"ListItem","position":2,"name":"Shop","item":"https:\/\/www.mantlerhof.com\/shop\/"},{"@type":"ListItem","position":3,"name":"Roter Veltliner Ried Reisenthal 2024 Selection"}]},{"@type":"WebSite","@id":"https:\/\/www.mantlerhof.com\/#website","url":"https:\/\/www.mantlerhof.com\/","name":"Weingut Mantlerhof","description":"Das Familienweingut mit Tradition seit 1800","potentialAction":[{"@type":"SearchAction","target":{"@type":"EntryPoint","urlTemplate":"https:\/\/www.mantlerhof.com\/?s={search_term_string}"},"query-input":{"@type":"PropertyValueSpecification","valueRequired":true,"valueName":"search_term_string"}}],"inLanguage":"en-US"}]}},"_links":{"self":[{"href":"https:\/\/www.mantlerhof.com\/en\/wp-json\/wp\/v2\/product\/2184","targetHints":{"allow":["GET"]}}],"collection":[{"href":"https:\/\/www.mantlerhof.com\/en\/wp-json\/wp\/v2\/product"}],"about":[{"href":"https:\/\/www.mantlerhof.com\/en\/wp-json\/wp\/v2\/types\/product"}],"replies":[{"embeddable":true,"href":"https:\/\/www.mantlerhof.com\/en\/wp-json\/wp\/v2\/comments?post=2184"}],"wp:featuredmedia":[{"embeddable":true,"href":"https:\/\/www.mantlerhof.com\/en\/wp-json\/wp\/v2\/media\/4323"}],"wp:attachment":[{"href":"https:\/\/www.mantlerhof.com\/en\/wp-json\/wp\/v2\/media?parent=2184"}],"curies":[{"name":"wp","href":"https:\/\/api.w.org\/{rel}","templated":true}]}}