{"id":2164,"date":"2019-09-10T14:19:49","date_gmt":"2019-09-10T12:19:49","guid":{"rendered":"https:\/\/mantlerhof.com\/?page_id=2164"},"modified":"2019-10-09T15:10:21","modified_gmt":"2019-10-09T13:10:21","slug":"winery","status":"publish","type":"page","link":"https:\/\/www.mantlerhof.com\/en\/mantlerhof\/winery\/","title":{"rendered":"Winery"},"content":{"rendered":"<div id='fullscreen_slider_1'  class='avia-fullscreen-slider main_color   avia-builder-el-0  el_before_av_one_full  avia-builder-el-first   container_wrap fullsize' style=' '  ><div   data-size='no scaling'  data-lightbox_size='large'  data-animation='slide'  data-conditional_play=''  data-ids='1708,1635,1645,1715,1719'  data-video_counter='0'  data-autoplay='false'  data-bg_slider='true'  data-slide_height='100'  data-handle='av_fullscreen'  data-interval='8'  data-class=' '  data-el_id=''  data-css_id='fullscreen_slider_1'  data-scroll_down=''  data-control_layout='av-control-default'  data-custom_markup=''  data-perma_caption=''  data-autoplay_stopper=''  data-image_attachment=''  data-min_height='0px'  data-lazy_loading='disabled'  data-stretch=''  class='avia-slideshow avia-slideshow-1  av-control-default av-default-height-applied avia-slideshow-no scaling av_fullscreen   avia-slide-slider '  itemprop=\"image\" itemscope=\"itemscope\" itemtype=\"https:\/\/schema.org\/ImageObject\" ><ul class='avia-slideshow-inner ' style='padding-bottom: 66.692307692308%;' ><li style='background-position:center center;' data-img-url='https:\/\/www.mantlerhof.com\/wp-content\/uploads\/2019\/07\/mantlerhof-vinothek-web.jpg' class=' slide-1 ' ><div data-rel='slideshow-1' class='avia-slide-wrap '   ><\/div><\/li><li style='background-position:center center;' data-img-url='https:\/\/www.mantlerhof.com\/wp-content\/uploads\/2019\/07\/lage-moosburgerin1-web.jpg' class=' slide-2 ' ><div data-rel='slideshow-1' class='avia-slide-wrap '   ><\/div><\/li><li style='background-position:center center;' data-img-url='https:\/\/www.mantlerhof.com\/wp-content\/uploads\/2019\/07\/lage-wieland-web.jpg' class=' slide-3 ' ><div data-rel='slideshow-1' class='avia-slide-wrap '   ><\/div><\/li><li style='background-position:center center;' data-img-url='https:\/\/www.mantlerhof.com\/wp-content\/uploads\/2019\/07\/mantlerhof-schatzkammer2-web.jpg' class=' slide-4 ' ><div data-rel='slideshow-1' class='avia-slide-wrap '   ><\/div><\/li><li style='background-position:center center;' data-img-url='https:\/\/www.mantlerhof.com\/wp-content\/uploads\/2019\/07\/mantlerhof-lese-web.jpg' class=' slide-5 ' ><div data-rel='slideshow-1' class='avia-slide-wrap '   ><\/div><\/li><\/ul><div class='avia-slideshow-arrows avia-slideshow-controls'><a href='#prev' class='prev-slide' aria-hidden='true' data-av_icon='\ue87c' data-av_iconfont='entypo-fontello'>Previous<\/a><a href='#next' class='next-slide' aria-hidden='true' data-av_icon='\ue87d' data-av_iconfont='entypo-fontello'>Next<\/a><\/div><div class='avia-slideshow-dots avia-slideshow-controls'><a href='#1' class='goto-slide active' >1<\/a><a href='#2' class='goto-slide ' >2<\/a><a href='#3' class='goto-slide ' >3<\/a><a href='#4' class='goto-slide ' >4<\/a><a href='#5' class='goto-slide ' >5<\/a><\/div><\/div><\/div><div id='after_full_slider_1'  class='main_color av_default_container_wrap container_wrap fullsize' style=' '  ><div class='container' ><div class='template-page content  av-content-full alpha units'><div class='post-entry post-entry-type-page post-entry-2164'><div class='entry-content-wrapper clearfix'>\n<div class=\"flex_column av_one_full  flex_column_div av-zero-column-padding first  avia-builder-el-1  el_after_av_fullscreen  el_before_av_one_full  avia-builder-el-first  \" style='border-radius:0px; '><section class=\"av_textblock_section \"  itemscope=\"itemscope\" itemtype=\"https:\/\/schema.org\/CreativeWork\" ><div class='avia_textblock  '   itemprop=\"text\" ><p>The winery Mantlerhof is situated in the municipality of Gedersdorf, close to the river Kamp right before it merges with the Danube. In the west one may see the lights of the city Krems, east one may glimpse the towers of Grafenegg.<br \/>\nIf you draw closer to the traditional winery you&#8217;ll arrive at the village center of Brunn im Felde. In the midst of this village lies a lovely pond, at the western side of this pond is an old manor with an early classicist facade. This old manor is called &#8220;Mantlerhof&#8221; a small family owned winery with long history. Family Mantler worked the Mantlerhof for over 200 years and roots it&#8217;s winemaking hertiage back till 1365.<\/p>\n<p>We work 15ha of vineyards, where we produce long-lasting organic wines. Our focus lies on <a href=\"https:\/\/preview-mantlerhof-shop.finecoderz.dev\/en\/varieties\/#sorte-gruener-veltliner\">Gr\u00fcner Veltliner<\/a> and <a href=\"https:\/\/preview-mantlerhof-shop.finecoderz.dev\/en\/varieties\/#sorte-roter-veltliner\">Roter Veltliner<\/a>. We do also produce <a href=\"https:\/\/preview-mantlerhof-shop.finecoderz.dev\/en\/varieties\/#sorte-riesling\">Riesling<\/a> and <a href=\"https:\/\/preview-mantlerhof-shop.finecoderz.dev\/en\/varieties\/#sorte-neuburger\">Neuburger<\/a>, both varieties we are very passionate about.<\/p>\n<p>We also tend to 70ha of <a href=\"https:\/\/preview-mantlerhof-shop.finecoderz.dev\/en\/mantlerhof\/agriculture\/\">agriculture<\/a>.<\/p>\n<\/div><\/section><\/div><div class=\"flex_column av_one_full  flex_column_div av-zero-column-padding first  avia-builder-el-3  el_after_av_one_full  avia-builder-el-last  column-top-margin\" style='border-radius:0px; '><div  class='avia-image-container  av-styling-    avia-builder-el-4  avia-builder-el-no-sibling  avia-align-center '  itemprop=\"image\" itemscope=\"itemscope\" itemtype=\"https:\/\/schema.org\/ImageObject\"  ><div class='avia-image-container-inner'><div class='avia-image-overlay-wrap'><img decoding=\"async\" class='wp-image-1399 avia-img-lazy-loading-not-1399 avia_image' src=\"https:\/\/www.mantlerhof.com\/wp-content\/uploads\/2019\/05\/kremstal-luftbild-nach-osten-klein.jpg\" alt='L\u00f6ssterrassen; Kremstal; Mantlerhof; Weingut; Weing\u00e4rten; L\u00f6ss; Roter Veltliner; Gr\u00fcner Veltliner;' title='Wein - Weinbau Kremstal' height=\"999\" width=\"1500\"  itemprop=\"thumbnailUrl\" srcset=\"https:\/\/www.mantlerhof.com\/wp-content\/uploads\/2019\/05\/kremstal-luftbild-nach-osten-klein.jpg 1500w, https:\/\/www.mantlerhof.com\/wp-content\/uploads\/2019\/05\/kremstal-luftbild-nach-osten-klein-400x266.jpg 400w, https:\/\/www.mantlerhof.com\/wp-content\/uploads\/2019\/05\/kremstal-luftbild-nach-osten-klein-768x511.jpg 768w, https:\/\/www.mantlerhof.com\/wp-content\/uploads\/2019\/05\/kremstal-luftbild-nach-osten-klein-1030x686.jpg 1030w, https:\/\/www.mantlerhof.com\/wp-content\/uploads\/2019\/05\/kremstal-luftbild-nach-osten-klein-705x470.jpg 705w, https:\/\/www.mantlerhof.com\/wp-content\/uploads\/2019\/05\/kremstal-luftbild-nach-osten-klein-600x400.jpg 600w\" sizes=\"(max-width: 1500px) 100vw, 1500px\" \/><\/div><\/div><\/div><\/div><\/p>\n","protected":false},"excerpt":{"rendered":"","protected":false},"author":1,"featured_media":0,"parent":2150,"menu_order":1,"comment_status":"closed","ping_status":"closed","template":"","meta":{"inline_featured_image":false,"footnotes":""},"class_list":["post-2164","page","type-page","status-publish","hentry"],"yoast_head":"<!-- This site is optimized with the Yoast SEO plugin v26.6 - https:\/\/yoast.com\/wordpress\/plugins\/seo\/ -->\n<title>Winery - Weingut Mantlerhof<\/title>\n<meta name=\"description\" content=\"Das Weingut Mantlerhof ist ein Familienbetrieb langer Tradition. Lesen Sie hier \u00fcber unseren biologischen Weinbau Betriebs in der Gemeinde Gedersdorf.\" \/>\n<meta name=\"robots\" content=\"index, follow, max-snippet:-1, max-image-preview:large, max-video-preview:-1\" \/>\n<link rel=\"canonical\" href=\"https:\/\/www.mantlerhof.com\/en\/mantlerhof\/winery\/\" \/>\n<meta property=\"og:locale\" content=\"en_US\" \/>\n<meta property=\"og:type\" content=\"article\" \/>\n<meta property=\"og:title\" content=\"Winery - Weingut Mantlerhof\" \/>\n<meta property=\"og:description\" content=\"Das Weingut Mantlerhof ist ein Familienbetrieb langer Tradition. Lesen Sie hier \u00fcber unseren biologischen Weinbau Betriebs in der Gemeinde Gedersdorf.\" \/>\n<meta property=\"og:url\" content=\"https:\/\/www.mantlerhof.com\/en\/mantlerhof\/winery\/\" \/>\n<meta property=\"og:site_name\" content=\"Weingut Mantlerhof\" \/>\n<meta property=\"article:modified_time\" content=\"2019-10-09T13:10:21+00:00\" \/>\n<meta name=\"twitter:card\" content=\"summary_large_image\" \/>\n<meta name=\"twitter:label1\" content=\"Est. reading time\" \/>\n\t<meta name=\"twitter:data1\" content=\"5 minutes\" \/>\n<script type=\"application\/ld+json\" class=\"yoast-schema-graph\">{\"@context\":\"https:\/\/schema.org\",\"@graph\":[{\"@type\":\"WebPage\",\"@id\":\"https:\/\/www.mantlerhof.com\/en\/mantlerhof\/winery\/\",\"url\":\"https:\/\/www.mantlerhof.com\/en\/mantlerhof\/winery\/\",\"name\":\"Winery - Weingut Mantlerhof\",\"isPartOf\":{\"@id\":\"https:\/\/www.mantlerhof.com\/#website\"},\"datePublished\":\"2019-09-10T12:19:49+00:00\",\"dateModified\":\"2019-10-09T13:10:21+00:00\",\"description\":\"Das Weingut Mantlerhof ist ein Familienbetrieb langer Tradition. Lesen Sie hier \u00fcber unseren biologischen Weinbau Betriebs in der Gemeinde Gedersdorf.\",\"breadcrumb\":{\"@id\":\"https:\/\/www.mantlerhof.com\/en\/mantlerhof\/winery\/#breadcrumb\"},\"inLanguage\":\"en-US\",\"potentialAction\":[{\"@type\":\"ReadAction\",\"target\":[\"https:\/\/www.mantlerhof.com\/en\/mantlerhof\/winery\/\"]}]},{\"@type\":\"BreadcrumbList\",\"@id\":\"https:\/\/www.mantlerhof.com\/en\/mantlerhof\/winery\/#breadcrumb\",\"itemListElement\":[{\"@type\":\"ListItem\",\"position\":1,\"name\":\"Home\",\"item\":\"https:\/\/www.mantlerhof.com\/en\/\"},{\"@type\":\"ListItem\",\"position\":2,\"name\":\"Mantlerhof\",\"item\":\"https:\/\/www.mantlerhof.com\/en\/mantlerhof\/\"},{\"@type\":\"ListItem\",\"position\":3,\"name\":\"Winery\"}]},{\"@type\":\"WebSite\",\"@id\":\"https:\/\/www.mantlerhof.com\/#website\",\"url\":\"https:\/\/www.mantlerhof.com\/\",\"name\":\"Weingut Mantlerhof\",\"description\":\"Das Familienweingut mit Tradition seit 1800\",\"potentialAction\":[{\"@type\":\"SearchAction\",\"target\":{\"@type\":\"EntryPoint\",\"urlTemplate\":\"https:\/\/www.mantlerhof.com\/?s={search_term_string}\"},\"query-input\":{\"@type\":\"PropertyValueSpecification\",\"valueRequired\":true,\"valueName\":\"search_term_string\"}}],\"inLanguage\":\"en-US\"}]}<\/script>\n<!-- \/ Yoast SEO plugin. -->","yoast_head_json":{"title":"Winery - Weingut Mantlerhof","description":"Das Weingut Mantlerhof ist ein Familienbetrieb langer Tradition. Lesen Sie hier \u00fcber unseren biologischen Weinbau Betriebs in der Gemeinde Gedersdorf.","robots":{"index":"index","follow":"follow","max-snippet":"max-snippet:-1","max-image-preview":"max-image-preview:large","max-video-preview":"max-video-preview:-1"},"canonical":"https:\/\/www.mantlerhof.com\/en\/mantlerhof\/winery\/","og_locale":"en_US","og_type":"article","og_title":"Winery - Weingut Mantlerhof","og_description":"Das Weingut Mantlerhof ist ein Familienbetrieb langer Tradition. Lesen Sie hier \u00fcber unseren biologischen Weinbau Betriebs in der Gemeinde Gedersdorf.","og_url":"https:\/\/www.mantlerhof.com\/en\/mantlerhof\/winery\/","og_site_name":"Weingut Mantlerhof","article_modified_time":"2019-10-09T13:10:21+00:00","twitter_card":"summary_large_image","twitter_misc":{"Est. reading time":"5 minutes"},"schema":{"@context":"https:\/\/schema.org","@graph":[{"@type":"WebPage","@id":"https:\/\/www.mantlerhof.com\/en\/mantlerhof\/winery\/","url":"https:\/\/www.mantlerhof.com\/en\/mantlerhof\/winery\/","name":"Winery - Weingut Mantlerhof","isPartOf":{"@id":"https:\/\/www.mantlerhof.com\/#website"},"datePublished":"2019-09-10T12:19:49+00:00","dateModified":"2019-10-09T13:10:21+00:00","description":"Das Weingut Mantlerhof ist ein Familienbetrieb langer Tradition. Lesen Sie hier \u00fcber unseren biologischen Weinbau Betriebs in der Gemeinde Gedersdorf.","breadcrumb":{"@id":"https:\/\/www.mantlerhof.com\/en\/mantlerhof\/winery\/#breadcrumb"},"inLanguage":"en-US","potentialAction":[{"@type":"ReadAction","target":["https:\/\/www.mantlerhof.com\/en\/mantlerhof\/winery\/"]}]},{"@type":"BreadcrumbList","@id":"https:\/\/www.mantlerhof.com\/en\/mantlerhof\/winery\/#breadcrumb","itemListElement":[{"@type":"ListItem","position":1,"name":"Home","item":"https:\/\/www.mantlerhof.com\/en\/"},{"@type":"ListItem","position":2,"name":"Mantlerhof","item":"https:\/\/www.mantlerhof.com\/en\/mantlerhof\/"},{"@type":"ListItem","position":3,"name":"Winery"}]},{"@type":"WebSite","@id":"https:\/\/www.mantlerhof.com\/#website","url":"https:\/\/www.mantlerhof.com\/","name":"Weingut Mantlerhof","description":"Das Familienweingut mit Tradition seit 1800","potentialAction":[{"@type":"SearchAction","target":{"@type":"EntryPoint","urlTemplate":"https:\/\/www.mantlerhof.com\/?s={search_term_string}"},"query-input":{"@type":"PropertyValueSpecification","valueRequired":true,"valueName":"search_term_string"}}],"inLanguage":"en-US"}]}},"_links":{"self":[{"href":"https:\/\/www.mantlerhof.com\/en\/wp-json\/wp\/v2\/pages\/2164","targetHints":{"allow":["GET"]}}],"collection":[{"href":"https:\/\/www.mantlerhof.com\/en\/wp-json\/wp\/v2\/pages"}],"about":[{"href":"https:\/\/www.mantlerhof.com\/en\/wp-json\/wp\/v2\/types\/page"}],"author":[{"embeddable":true,"href":"https:\/\/www.mantlerhof.com\/en\/wp-json\/wp\/v2\/users\/1"}],"replies":[{"embeddable":true,"href":"https:\/\/www.mantlerhof.com\/en\/wp-json\/wp\/v2\/comments?post=2164"}],"version-history":[{"count":5,"href":"https:\/\/www.mantlerhof.com\/en\/wp-json\/wp\/v2\/pages\/2164\/revisions"}],"predecessor-version":[{"id":2260,"href":"https:\/\/www.mantlerhof.com\/en\/wp-json\/wp\/v2\/pages\/2164\/revisions\/2260"}],"up":[{"embeddable":true,"href":"https:\/\/www.mantlerhof.com\/en\/wp-json\/wp\/v2\/pages\/2150"}],"wp:attachment":[{"href":"https:\/\/www.mantlerhof.com\/en\/wp-json\/wp\/v2\/media?parent=2164"}],"curies":[{"name":"wp","href":"https:\/\/api.w.org\/{rel}","templated":true}]}}