{"id":1997,"date":"2019-07-24T15:57:45","date_gmt":"2019-07-24T13:57:45","guid":{"rendered":"https:\/\/mantlerhof.com\/imprint\/"},"modified":"2019-07-24T15:57:45","modified_gmt":"2019-07-24T13:57:45","slug":"imprint","status":"publish","type":"page","link":"https:\/\/www.mantlerhof.com\/en\/imprint\/","title":{"rendered":"Imprint"},"content":{"rendered":"<h2>Publisher &amp; Media Owner:<\/h2>\n<p><strong>Weingut Mantlerhof<\/strong><br \/>\nBrunn im Felde, Hauptstra\u00dfe 50<br \/>\n3494 Gedersdorf<br \/>\nAUSTRIA &#8211; KREMSTAL<br \/>\nTel.: <a href=\"tel:+4327358248\">+43 (0)2735 8248<\/a><br \/>\nFax: +43 (0)2735 8248 &#8211; 33<br \/>\nE-Mail: <a href=\"mailto:weingut@mantlerhof.com\">weingut@mantlerhof.com<\/a><br \/>\n<span style=\"display: inline !important; float: none; background-color: transparent; color: #333333; font-family: Georgia,'Times New Roman','Bitstream Charter',Times,serif; font-size: 16px; font-style: normal; font-variant: normal; font-weight: 400; letter-spacing: normal; line-height: 24px; orphans: 2; text-align: left; text-decoration: none; text-indent: 0px; text-transform: none; -webkit-text-stroke-width: 0px; white-space: normal; word-spacing: 0px; word-wrap: break-word;\">UID: ATU 71368307<\/span><\/p>\n<h2>Webdesign and digital Implementation:<\/h2>\n<p><strong><img loading=\"lazy\" decoding=\"async\" class=\"alignleft wp-image-4010 \" src=\"https:\/\/www.forstreiter.at\/wp-content\/uploads\/2018\/10\/greenweb-80x80.jpg\" alt=\"\" width=\"105\" height=\"105\" \/>gugler* brand &amp; digital<\/strong><br \/>\nA-3100 St. P\u00f6lten<br \/>\nTel.: <a href=\"tel:+43275250050700\">+43 2752 \/ 500 50-700<\/a><br \/>\nEmail: <a href=\"mailto:agentur@gugler.at\">agentur(at)gugler(dot)at<\/a><br \/>\n<a href=\"http:\/\/www.gugler-brand-digital.at\/\" target=\"_blank\" rel=\"noopener\">www.gugler-brand-digital.at<\/a><\/p>\n<h2>Haftung &amp; Verantwortlichkeit:<\/h2>\n<p>Alle Texte und Inhalte dieser Seite wurden sorgf\u00e4ltig auf Ihre Richtigkeit \u00fcberpr\u00fcft. F\u00fcr \u00c4nderungen, Vollst\u00e4ndigkeit oder Aktualit\u00e4t kann dennoch keine Haftung oder Garantie \u00fcbernommen werden.<br \/>\nF\u00fcr den Inhalt verantwortlich:\u00a0<strong>Josef Mantler<br \/>\n<\/strong>Alle Bilder von: \u00a9 Weingut Mantlerhof<\/p>\n<h2>Copyright:<\/h2>\n<p>Alle Inhalte auf dieser Website sind urheberrechtlich gesch\u00fctzt. Texte, Bilder, Grafiken, und Animationen unterliegen dem Schutz des Urheberrechts und anderen Schutzgesetzen. Der Inhalt darf nicht zu kommerziellen Zwecken kopiert, verbreitet, ver\u00e4ndert oder Dritten zug\u00e4nglich gemacht werden. Jede Nutzung, insbesondere die Speicherung in Datenbanken, Vervielf\u00e4ltigung, Verbreitung, Bearbeitung so wie jegliche Form gewerblicher Nutzung so wie die Weitergabe an Dritte, auch in Teilen oder in \u00fcberarbeiteter Form, ist ohne ausdr\u00fcckliche, schriftliche Zustimmung des Urhebers untersagt.<\/p>\n<h2>Verlinkung &amp; Haftungsausschluss f\u00fcr Links:<\/h2>\n<p>Wir \u00fcbernehmen keinerlei Haftung, weder f\u00fcr die Richtigkeit, noch f\u00fcr deren Inhalte oder Freiheit von aggressiven und\/oder sch\u00e4digenden Inhalten, wie Viren, Trojaner, W\u00fcrmer etc. der Links auf unserer Website. Insbesondere \u00fcbernehmen wir keine Verantwortung f\u00fcr Inhalte auf durch Hyperlinks verwiesene externe Websites, hierf\u00fcr haftet ausschlie\u00dflich der jeweilige Anbieter. Links auf unsere Website sind erw\u00fcnscht, wenn sie als externe Links (eigenes Browserfenster) gestaltet sind. Eine \u00dcbernahme des Hauptfensters in einen Frame des Linksetzers ist unzul\u00e4ssig. Sollte eine Website, auf die wir verlinkt haben, rechtswidrige Inhalte enthalten, so bitten wir um Mitteilung, der Link wird umgehend entfernt.<br \/>\nEine Verlinkung der Seiten dieser Website von anderen, fremden Seiten ist ausdr\u00fccklich erlaubt und erw\u00fcnscht. Es d\u00fcrfen dabei keine Inhalte in fremde Framessets oder \u00e4hnliches \u00fcbernommen werden. Die vollkommene Eigenst\u00e4ndigkeit des Angebots des Mantlerhofs<strong>\u00a0<\/strong>muss immer deutlich ersichtlich und etwaige Quellenangaben entsprechend gesetzt sein.<\/p>\n<h2>Datenschutzerkl\u00e4rungen:<\/h2>\n<p>Auf diesen Seiten werden keine personalisierten Daten \u00fcber Besucher gespeichert, die \u00fcber den Umfang eines normalen Logfiles hinausgehen. Es werden ausdr\u00fccklich keine Daten an Dritte weitergegeben, aus denen Identit\u00e4ten oder Adressen jedweder Art abgeleitet werden k\u00f6nnen.<\/p>\n<h3>Datenschutzerkl\u00e4rung\u00a0f\u00fcr die Nutzung von Facebook-Plugins (Like-Button)<\/h3>\n<p>Auf unseren Seiten sind Plugins des sozialen Netzwerks Facebook, Anbieter Facebook Inc., 1 Hacker Way, Menlo Park, California 94025, USA, integriert. Die Facebook-Plugins erkennen Sie an dem Facebook-Logo oder dem \u201eLike-Button\u201c (\u201eGef\u00e4llt mir\u201c) auf unserer Seite. Eine \u00dcbersicht \u00fcber die Facebook-Plugins finden Sie hier:\u00a0<a href=\"http:\/\/developers.facebook.com\/docs\/plugins\/\" target=\"_blank\" rel=\"noopener\">http:\/\/developers.facebook.com\/docs\/plugins\/<\/a>.<\/p>\n<p class=\"bodytext\">Wenn Sie unsere Seiten besuchen, wird \u00fcber das Plugin eine direkte Verbindung zwischen Ihrem Browser und dem Facebook-Server hergestellt. Facebook erh\u00e4lt dadurch die Information, dass Sie mit Ihrer IP-Adresse unsere Seite besucht haben. Wenn Sie den Facebook \u201eLike-Button\u201c anklicken w\u00e4hrend Sie in Ihrem Facebook-Account eingeloggt sind, k\u00f6nnen Sie die Inhalte unserer Seiten auf Ihrem Facebook-Profil verlinken. Dadurch kann Facebook den Besuch unserer Seiten Ihrem Benutzerkonto zuordnen. Wir weisen darauf hin, dass wir als Anbieter der Seiten keine Kenntnis vom Inhalt der \u00fcbermittelten Daten sowie deren Nutzung durch Facebook erhalten. Weitere Informationen hierzu finden Sie in der Datenschutzerkl\u00e4rung von Facebook unter <a href=\"http:\/\/de-de.facebook.com\/policy.php\" target=\"_blank\" rel=\"noopener\">http:\/\/de-de.facebook.com\/policy.php<\/a>.<\/p>\n<p class=\"bodytext\">Wenn Sie nicht w\u00fcnschen, dass Facebook den Besuch unserer Seiten Ihrem Facebook- Nutzerkonto zuordnen kann, loggen Sie sich bitte aus Ihrem Facebook-Benutzerkonto aus.<\/p>\n<h3 class=\"bodytext\">Datenschutzerkl\u00e4rung f\u00fcr die Nutzung von Google Analytics<\/h3>\n<p class=\"bodytext\">Diese Website nutzt Funktionen des Webanalysedienstes Google Analytics. Anbieter ist die Google Inc. 1600 Amphitheatre Parkway Mountain View, CA 94043, USA. Google Analytics verwendet sog. \u201eCookies\u201c. Das sind Textdateien, die auf Ihrem Computer gespeichert werden und die eine Analyse der Benutzung der Website durch Sie erm\u00f6glichen. Die durch den Cookie erzeugten Informationen \u00fcber Ihre Benutzung dieser Website werden in der Regel an einen Server von Google in den USA \u00fcbertragen und dort gespeichert.<\/p>\n<p class=\"bodytext\">Im Falle der Aktivierung der IP-Anonymisierung auf dieser Webseite wird Ihre IP-Adresse von Google jedoch innerhalb von Mitgliedstaaten der Europ\u00e4ischen Union oder in anderen Vertragsstaaten des Abkommens \u00fcber den Europ\u00e4ischen Wirtschaftsraum zuvor gek\u00fcrzt. Nur in Ausnahmef\u00e4llen wird die volle IP-Adresse an einen Server von Google in den USA \u00fcbertragen und dort gek\u00fcrzt. Im Auftrag des Betreibers dieser Website wird Google diese Informationen benutzen, um Ihre Nutzung der Website auszuwerten, um Reports \u00fcber die Websiteaktivit\u00e4ten zusammenzustellen und um weitere mit der Websitenutzung und der Internetnutzung verbundene Dienstleistungen gegen\u00fcber dem Websitebetreiber zu erbringen. Die im Rahmen von Google Analytics von Ihrem Browser \u00fcbermittelte IP-Adresse wird nicht mit anderen Daten von Google zusammengef\u00fchrt.<\/p>\n<p class=\"bodytext\">Sie k\u00f6nnen die Speicherung der Cookies durch eine entsprechende Einstellung Ihrer Browser-Software verhindern; wir weisen Sie jedoch darauf hin, dass Sie in diesem Fall gegebenenfalls nicht s\u00e4mtliche Funktionen dieser Website vollumf\u00e4nglich werden nutzen k\u00f6nnen. Sie k\u00f6nnen dar\u00fcber hinaus die Erfassung der durch das Cookie erzeugten und auf Ihre Nutzung der Website bezogenen Daten (inkl. Ihrer IP-Adresse) an Google sowie die Verarbeitung dieser Daten durch Google verhindern, indem sie das unter dem folgenden Link verf\u00fcgbare Browser-Plugin herunterladen und installieren:\u00a0<a href=\"http:\/\/tools.google.com\/dlpage\/gaoptout?hl=de\" target=\"_blank\" rel=\"noopener\">http:\/\/tools.google.com\/dlpage\/gaoptout?hl=de<\/a><\/p>\n<h3 class=\"bodytext\">Datenschutzerkl\u00e4rung f\u00fcr die Nutzung von\u00a0Cookies<\/h3>\n<p>Der Anbieter setzt im Rahmen seines Onlineangebotes \u201eCookies\u201c ein. Cookies sind kleine Dateien, die auf dem Computer der Nutzer abgelegt werden und Informationen f\u00fcr Anbieter speichern k\u00f6nnen. Tempor\u00e4re Cookies werden nach dem Schlie\u00dfen des Browsers gel\u00f6scht, permanente Cookies bleiben f\u00fcr einen vorgegebenen Zeitraum erhalten und k\u00f6nnen beim erneuten Aufruf des Onlineangebotes die gespeicherten Informationen zur Verf\u00fcgung stellen.<br \/>\nCookies werden zum einen eingesetzt um die Nutzung des Dienstes zu erleichtern. So speichert ein Cookie den Warenkorbstatus eines Nutzers.<br \/>\nDer Nutzer kann auf den Einsatz der Cookies Einfluss nehmen. Die meisten Browser verf\u00fcgen eine Option mit der das Speichern von Cookies eingeschr\u00e4nkt oder komplett verhindert wird. Anbieter bem\u00fcht sich das Onlineangebot so zu gestalten, dass der Einsatz von Cookies nicht notwendig ist. Allerdings wird darauf hingewiesen, dass die Nutzung und insbesondere der Nutzungskomfort ohne Cookies eingeschr\u00e4nkt werden.<\/p>\n<h3>Informationsversand per Newsletter<\/h3>\n<p>E-Mails mit werblichen Informationen \u00fcber den Anbieter sowie dessen Leistungen werden nur mit einer ausdr\u00fccklichen Einwilligung der Nutzer versendet. Die Nutzer k\u00f6nnen dem Empfang der Newsletter jederzeit widersprechen. Eine Widerspruchsm\u00f6glichkeit findet sich u.a. in jeder E-Mail.<br \/>\nVor dem Versand des Newsletters geht dem E-Mail-Inhaber eine Best\u00e4tigungsemail zu, in welcher er die Newsletteranmeldung best\u00e4tigen muss. Nicht best\u00e4tigte Anmeldungen werden automatisch sp\u00e4testens innerhalb von vier Wochen gel\u00f6scht.<br \/>\nNicht zu werblichen Informationen geh\u00f6ren Nachrichten im Rahmen der Vertragsbeziehung mit dem Nutzer. Dazu geh\u00f6rt der Versand von technischen Informationen, Informationen zur Zahlungsabwicklung, R\u00fcckfragen zu Auftr\u00e4gen und vergleichbare Nachrichten.<br \/>\nDie Nutzer k\u00f6nnen nachtr\u00e4glich die Austragung aus der Benachrichtigungsliste per E-Mail an die oben angegebenen Kontaktm\u00f6glichkeiten beantragen.<br \/>\nIm Rahmen der Anmeldung speichert der Anbieter den Anmelde- sowie den Best\u00e4tigungszeitpunkt und die IP-Adresse des Nutzers. Der Anbieter ist gesetzlich verpflichtet die Anmeldungen zu protokollieren, um eine ordnungsgem\u00e4\u00dfe Anmeldung nachweisen zu k\u00f6nnen.<\/p>\n<h3>Online-Beilegung verbraucherrechtlicher Streitigkeiten:<\/h3>\n<p>Die ODR-Verordnung (Online Dispute Resolution) des EU-Parlaments hat das Ziel, eine unabh\u00e4ngige, unparteiische, transparente, effektive, schnelle und faire au\u00dfergerichtliche M\u00f6glichkeit zur Beilegung von Streitigkeiten zu schaffen. Diese Streitigkeiten k\u00f6nnen sich aus dem grenz\u00fcberschreitenden Online-Verkauf von Waren oder der Bereitstellung von Dienstleistungen innerhalb der gesamten EU ergeben. Das Ziel dieser Verordnung soll durch die Einrichtung einer <a href=\"https:\/\/webgate.ec.europa.eu\/odr\/main\/index.cfm?event=main.home.chooseLanguage\" target=\"_blank\" rel=\"noopener\">Online-Streitbeilegungsplattform<\/a> (OS-Plattform) auf EU-Ebene und die Regelung der Zusammenarbeit mit den nationalen Stellen f\u00fcr die alternative Streitbeilegung erreicht werden.<br \/>\nHier alle Informationen zur <a href=\"http:\/\/weinschwaermer.at\/wp-content\/uploads\/2016\/05\/online-streitbeilegung.pdf\" target=\"_blank\" rel=\"noopener\">VERORDNUNG (EU) Nr. 524\/2013 DES EUROP\u00c4ISCHEN PARLAMENTS UND DES RATES<\/a><\/p>\n","protected":false},"excerpt":{"rendered":"<p>Publisher &amp; Media Owner: Weingut Mantlerhof Brunn im Felde, Hauptstra\u00dfe 50 3494 Gedersdorf AUSTRIA &#8211; KREMSTAL Tel.: +43 (0)2735 8248 Fax: +43 (0)2735 8248 &#8211; 33 E-Mail: weingut@mantlerhof.com UID: ATU 71368307 Webdesign and digital Implementation: gugler* brand &amp; digital A-3100 St. P\u00f6lten Tel.: +43 2752 \/ 500 50-700 Email: agentur(at)gugler(dot)at www.gugler-brand-digital.at Haftung &amp; Verantwortlichkeit: Alle [&hellip;]<\/p>\n","protected":false},"author":1,"featured_media":0,"parent":0,"menu_order":11,"comment_status":"closed","ping_status":"closed","template":"","meta":{"inline_featured_image":false,"footnotes":""},"class_list":["post-1997","page","type-page","status-publish","hentry"],"yoast_head":"<!-- This site is optimized with the Yoast SEO plugin v26.6 - https:\/\/yoast.com\/wordpress\/plugins\/seo\/ -->\n<title>Imprint - Weingut Mantlerhof<\/title>\n<meta name=\"robots\" content=\"index, follow, max-snippet:-1, max-image-preview:large, max-video-preview:-1\" \/>\n<link rel=\"canonical\" href=\"https:\/\/www.mantlerhof.com\/en\/imprint\/\" \/>\n<meta property=\"og:locale\" content=\"en_US\" \/>\n<meta property=\"og:type\" content=\"article\" \/>\n<meta property=\"og:title\" content=\"Imprint - Weingut Mantlerhof\" \/>\n<meta property=\"og:description\" content=\"Publisher &amp; Media Owner: Weingut Mantlerhof Brunn im Felde, Hauptstra\u00dfe 50 3494 Gedersdorf AUSTRIA &#8211; KREMSTAL Tel.: +43 (0)2735 8248 Fax: +43 (0)2735 8248 &#8211; 33 E-Mail: weingut@mantlerhof.com UID: ATU 71368307 Webdesign and digital Implementation: gugler* brand &amp; digital A-3100 St. P\u00f6lten Tel.: +43 2752 \/ 500 50-700 Email: agentur(at)gugler(dot)at www.gugler-brand-digital.at Haftung &amp; Verantwortlichkeit: Alle [&hellip;]\" \/>\n<meta property=\"og:url\" content=\"https:\/\/www.mantlerhof.com\/en\/imprint\/\" \/>\n<meta property=\"og:site_name\" content=\"Weingut Mantlerhof\" \/>\n<meta property=\"og:image\" content=\"https:\/\/www.forstreiter.at\/wp-content\/uploads\/2018\/10\/greenweb-80x80.jpg\" \/>\n<meta name=\"twitter:card\" content=\"summary_large_image\" \/>\n<meta name=\"twitter:label1\" content=\"Est. reading time\" \/>\n\t<meta name=\"twitter:data1\" content=\"6 minutes\" \/>\n<script type=\"application\/ld+json\" class=\"yoast-schema-graph\">{\"@context\":\"https:\/\/schema.org\",\"@graph\":[{\"@type\":\"WebPage\",\"@id\":\"https:\/\/www.mantlerhof.com\/en\/imprint\/\",\"url\":\"https:\/\/www.mantlerhof.com\/en\/imprint\/\",\"name\":\"Imprint - Weingut Mantlerhof\",\"isPartOf\":{\"@id\":\"https:\/\/www.mantlerhof.com\/#website\"},\"primaryImageOfPage\":{\"@id\":\"https:\/\/www.mantlerhof.com\/en\/imprint\/#primaryimage\"},\"image\":{\"@id\":\"https:\/\/www.mantlerhof.com\/en\/imprint\/#primaryimage\"},\"thumbnailUrl\":\"https:\/\/www.forstreiter.at\/wp-content\/uploads\/2018\/10\/greenweb-80x80.jpg\",\"datePublished\":\"2019-07-24T13:57:45+00:00\",\"breadcrumb\":{\"@id\":\"https:\/\/www.mantlerhof.com\/en\/imprint\/#breadcrumb\"},\"inLanguage\":\"en-US\",\"potentialAction\":[{\"@type\":\"ReadAction\",\"target\":[\"https:\/\/www.mantlerhof.com\/en\/imprint\/\"]}]},{\"@type\":\"ImageObject\",\"inLanguage\":\"en-US\",\"@id\":\"https:\/\/www.mantlerhof.com\/en\/imprint\/#primaryimage\",\"url\":\"https:\/\/www.forstreiter.at\/wp-content\/uploads\/2018\/10\/greenweb-80x80.jpg\",\"contentUrl\":\"https:\/\/www.forstreiter.at\/wp-content\/uploads\/2018\/10\/greenweb-80x80.jpg\"},{\"@type\":\"BreadcrumbList\",\"@id\":\"https:\/\/www.mantlerhof.com\/en\/imprint\/#breadcrumb\",\"itemListElement\":[{\"@type\":\"ListItem\",\"position\":1,\"name\":\"Home\",\"item\":\"https:\/\/www.mantlerhof.com\/en\/\"},{\"@type\":\"ListItem\",\"position\":2,\"name\":\"Imprint\"}]},{\"@type\":\"WebSite\",\"@id\":\"https:\/\/www.mantlerhof.com\/#website\",\"url\":\"https:\/\/www.mantlerhof.com\/\",\"name\":\"Weingut Mantlerhof\",\"description\":\"Das Familienweingut mit Tradition seit 1800\",\"potentialAction\":[{\"@type\":\"SearchAction\",\"target\":{\"@type\":\"EntryPoint\",\"urlTemplate\":\"https:\/\/www.mantlerhof.com\/?s={search_term_string}\"},\"query-input\":{\"@type\":\"PropertyValueSpecification\",\"valueRequired\":true,\"valueName\":\"search_term_string\"}}],\"inLanguage\":\"en-US\"}]}<\/script>\n<!-- \/ Yoast SEO plugin. -->","yoast_head_json":{"title":"Imprint - Weingut Mantlerhof","robots":{"index":"index","follow":"follow","max-snippet":"max-snippet:-1","max-image-preview":"max-image-preview:large","max-video-preview":"max-video-preview:-1"},"canonical":"https:\/\/www.mantlerhof.com\/en\/imprint\/","og_locale":"en_US","og_type":"article","og_title":"Imprint - Weingut Mantlerhof","og_description":"Publisher &amp; Media Owner: Weingut Mantlerhof Brunn im Felde, Hauptstra\u00dfe 50 3494 Gedersdorf AUSTRIA &#8211; KREMSTAL Tel.: +43 (0)2735 8248 Fax: +43 (0)2735 8248 &#8211; 33 E-Mail: weingut@mantlerhof.com UID: ATU 71368307 Webdesign and digital Implementation: gugler* brand &amp; digital A-3100 St. P\u00f6lten Tel.: +43 2752 \/ 500 50-700 Email: agentur(at)gugler(dot)at www.gugler-brand-digital.at Haftung &amp; Verantwortlichkeit: Alle [&hellip;]","og_url":"https:\/\/www.mantlerhof.com\/en\/imprint\/","og_site_name":"Weingut Mantlerhof","og_image":[{"url":"https:\/\/www.forstreiter.at\/wp-content\/uploads\/2018\/10\/greenweb-80x80.jpg","type":"","width":"","height":""}],"twitter_card":"summary_large_image","twitter_misc":{"Est. reading time":"6 minutes"},"schema":{"@context":"https:\/\/schema.org","@graph":[{"@type":"WebPage","@id":"https:\/\/www.mantlerhof.com\/en\/imprint\/","url":"https:\/\/www.mantlerhof.com\/en\/imprint\/","name":"Imprint - Weingut Mantlerhof","isPartOf":{"@id":"https:\/\/www.mantlerhof.com\/#website"},"primaryImageOfPage":{"@id":"https:\/\/www.mantlerhof.com\/en\/imprint\/#primaryimage"},"image":{"@id":"https:\/\/www.mantlerhof.com\/en\/imprint\/#primaryimage"},"thumbnailUrl":"https:\/\/www.forstreiter.at\/wp-content\/uploads\/2018\/10\/greenweb-80x80.jpg","datePublished":"2019-07-24T13:57:45+00:00","breadcrumb":{"@id":"https:\/\/www.mantlerhof.com\/en\/imprint\/#breadcrumb"},"inLanguage":"en-US","potentialAction":[{"@type":"ReadAction","target":["https:\/\/www.mantlerhof.com\/en\/imprint\/"]}]},{"@type":"ImageObject","inLanguage":"en-US","@id":"https:\/\/www.mantlerhof.com\/en\/imprint\/#primaryimage","url":"https:\/\/www.forstreiter.at\/wp-content\/uploads\/2018\/10\/greenweb-80x80.jpg","contentUrl":"https:\/\/www.forstreiter.at\/wp-content\/uploads\/2018\/10\/greenweb-80x80.jpg"},{"@type":"BreadcrumbList","@id":"https:\/\/www.mantlerhof.com\/en\/imprint\/#breadcrumb","itemListElement":[{"@type":"ListItem","position":1,"name":"Home","item":"https:\/\/www.mantlerhof.com\/en\/"},{"@type":"ListItem","position":2,"name":"Imprint"}]},{"@type":"WebSite","@id":"https:\/\/www.mantlerhof.com\/#website","url":"https:\/\/www.mantlerhof.com\/","name":"Weingut Mantlerhof","description":"Das Familienweingut mit Tradition seit 1800","potentialAction":[{"@type":"SearchAction","target":{"@type":"EntryPoint","urlTemplate":"https:\/\/www.mantlerhof.com\/?s={search_term_string}"},"query-input":{"@type":"PropertyValueSpecification","valueRequired":true,"valueName":"search_term_string"}}],"inLanguage":"en-US"}]}},"_links":{"self":[{"href":"https:\/\/www.mantlerhof.com\/en\/wp-json\/wp\/v2\/pages\/1997","targetHints":{"allow":["GET"]}}],"collection":[{"href":"https:\/\/www.mantlerhof.com\/en\/wp-json\/wp\/v2\/pages"}],"about":[{"href":"https:\/\/www.mantlerhof.com\/en\/wp-json\/wp\/v2\/types\/page"}],"author":[{"embeddable":true,"href":"https:\/\/www.mantlerhof.com\/en\/wp-json\/wp\/v2\/users\/1"}],"replies":[{"embeddable":true,"href":"https:\/\/www.mantlerhof.com\/en\/wp-json\/wp\/v2\/comments?post=1997"}],"version-history":[{"count":1,"href":"https:\/\/www.mantlerhof.com\/en\/wp-json\/wp\/v2\/pages\/1997\/revisions"}],"predecessor-version":[{"id":1998,"href":"https:\/\/www.mantlerhof.com\/en\/wp-json\/wp\/v2\/pages\/1997\/revisions\/1998"}],"wp:attachment":[{"href":"https:\/\/www.mantlerhof.com\/en\/wp-json\/wp\/v2\/media?parent=1997"}],"curies":[{"name":"wp","href":"https:\/\/api.w.org\/{rel}","templated":true}]}}